{"id":102,"date":"2025-12-21T02:21:24","date_gmt":"2025-12-21T02:21:24","guid":{"rendered":"https:\/\/agformation-guadeloupe.fr\/?page_id=102"},"modified":"2026-02-16T22:31:07","modified_gmt":"2026-02-16T22:31:07","slug":"politique-de-confidentialite","status":"publish","type":"page","link":"https:\/\/agformation-guadeloupe.fr\/?page_id=102","title":{"rendered":"Politique de confidentialit\u00e9 &#8211; Protection des donn\u00e9es personnelles (RGPD)"},"content":{"rendered":"\n<p>AG Formation Guadeloupe attache une importance particuli\u00e8re \u00e0 la protection des donn\u00e9es personnelles et s\u2019engage \u00e0 les traiter dans le respect de la r\u00e9glementation en vigueur, notamment le <em>R\u00e8glement (UE) 2016\/679 du Parlement europ\u00e9en et du Conseil du 27 avril 2016, relatif \u00e0 la protection des personnes physiques \u00e0 l&rsquo;\u00e9gard du traitement des donn\u00e9es \u00e0 caract\u00e8re personnel et \u00e0 la libre circulation de ces donn\u00e9es<\/em> et <em>Loi n\u00b0 78-17 du 6 janvier 1978 relative \u00e0 l&rsquo;informatique, aux fichiers et aux libert\u00e9s<\/em>.<\/p>\n\n\n\n<hr class=\"wp-block-separator has-alpha-channel-opacity\"\/>\n\n\n\n<h2 class=\"wp-block-heading\">1. Responsable du traitement des donn\u00e9es<\/h2>\n\n\n\n<p>Le responsable du traitement des donn\u00e9es personnelles est :<\/p>\n\n\n\n<p><strong>AG Formation Guadeloupe<\/strong><br>Adresse : Chemin de Pointe \u00e0 Bacchus 97170 Petit Bourg GUADELOUPE<br>Adresse e-mail : <a>contact@agformation-guadeloupe.fr<\/a><\/p>\n\n\n\n<p>Entreprise immatricul\u00e9e sous le num\u00e9ro SIRET : <strong>99516887900014<\/strong><br>D\u00e9claration d\u2019activit\u00e9 enregistr\u00e9e sous le num\u00e9ro <strong>01 97 37567 97<\/strong> aupr\u00e8s du pr\u00e9fet de r\u00e9gion de Guadeloupe.<\/p>\n\n\n\n<hr class=\"wp-block-separator has-alpha-channel-opacity\"\/>\n\n\n\n<h2 class=\"wp-block-heading\">2. Donn\u00e9es personnelles collect\u00e9es<\/h2>\n\n\n\n<p>Dans le cadre de l\u2019utilisation du site, les donn\u00e9es personnelles susceptibles d\u2019\u00eatre collect\u00e9es sont notamment :<\/p>\n\n\n\n<ul class=\"wp-block-list\">\n<li>nom et pr\u00e9nom,<\/li>\n\n\n\n<li>adresse e-mail et num\u00e9ro de t\u00e9l\u00e9phone,<\/li>\n\n\n\n<li>contenu des messages transmis par courrier \u00e9lectronique ou lors d\u2019\u00e9changes t\u00e9l\u00e9phoniques<\/li>\n<\/ul>\n\n\n\n<p>Aucune donn\u00e9e sensible au sens du RGPD (donn\u00e9es de sant\u00e9, donn\u00e9es biom\u00e9triques, opinions, etc.) n\u2019est collect\u00e9e directement via le site.<\/p>\n\n\n\n<p>Seules les donn\u00e9es strictement n\u00e9cessaires aux finalit\u00e9s poursuivies sont collect\u00e9es, conform\u00e9ment au principe de minimisation pr\u00e9vu par le RGPD.<\/p>\n\n\n\n<hr class=\"wp-block-separator has-alpha-channel-opacity\"\/>\n\n\n\n<h2 class=\"wp-block-heading\">3. Finalit\u00e9s de la collecte<\/h2>\n\n\n\n<p>Les donn\u00e9es personnelles collect\u00e9es ont pour finalit\u00e9s :<\/p>\n\n\n\n<ul class=\"wp-block-list\">\n<li>de r\u00e9pondre aux demandes de contact effectu\u00e9es par e-mail ou par t\u00e9l\u00e9phone,<\/li>\n\n\n\n<li>d\u2019\u00e9changer des informations relatives aux formations, accompagnements ou prestations propos\u00e9es par AG Formation Guadeloupe,<\/li>\n\n\n\n<li>d\u2019assurer le suivi des \u00e9changes et demandes formul\u00e9es.<\/li>\n<\/ul>\n\n\n\n<p>Les donn\u00e9es ne sont en aucun cas utilis\u00e9es \u00e0 des fins commerciales ou publicitaires sans le consentement pr\u00e9alable de l\u2019utilisateur.<\/p>\n\n\n\n<hr class=\"wp-block-separator has-alpha-channel-opacity\"\/>\n\n\n\n<h2 class=\"wp-block-heading\">4. Base l\u00e9gale du traitement<\/h2>\n\n\n\n<p>Le traitement des donn\u00e9es personnelles repose :<\/p>\n\n\n\n<ul class=\"wp-block-list\">\n<li>sur le consentement de la personne concern\u00e9e, mat\u00e9rialis\u00e9 par la prise de contact volontaire par e-mail ou par t\u00e9l\u00e9phone ;<\/li>\n\n\n\n<li>sur l\u2019int\u00e9r\u00eat l\u00e9gitime d\u2019AG Formation Guadeloupe \u00e0 r\u00e9pondre aux demandes re\u00e7ues ;<\/li>\n\n\n\n<li>sur l\u2019ex\u00e9cution d\u2019un contrat ou de mesures pr\u00e9contractuelles lorsque la personne s\u2019inscrit \u00e0 une formation ou souscrit \u00e0 une prestation.<\/li>\n<\/ul>\n\n\n\n<hr class=\"wp-block-separator has-alpha-channel-opacity\"\/>\n\n\n\n<h2 class=\"wp-block-heading\">5. Dur\u00e9e de conservation des donn\u00e9es<\/h2>\n\n\n\n<p>Les donn\u00e9es personnelles collect\u00e9es sont conserv\u00e9es :<\/p>\n\n\n\n<ul class=\"wp-block-list\">\n<li>pendant la dur\u00e9e n\u00e9cessaire au traitement de la demande ou \u00e0 l\u2019ex\u00e9cution de la prestation ;<\/li>\n\n\n\n<li>puis archiv\u00e9es pendant une dur\u00e9e proportionn\u00e9e aux obligations l\u00e9gales et aux besoins de tra\u00e7abilit\u00e9.<\/li>\n<\/ul>\n\n\n\n<p>Dans le cadre des prestations (notamment actions de formation, e-learning, audit ou accompagnement), les donn\u00e9es et documents associ\u00e9s sont conserv\u00e9s pendant une dur\u00e9e minimale de <strong>5 ans<\/strong> \u00e0 compter de la fin de la prestation, afin de r\u00e9pondre aux obligations l\u00e9gales, aux exigences de contr\u00f4le administratif ou de financeur, et \u00e0 la gestion d\u2019\u00e9ventuels litiges.<\/p>\n\n\n\n<p>Certaines donn\u00e9es peuvent \u00eatre conserv\u00e9es pour une dur\u00e9e plus longue lorsque la loi l\u2019impose, notamment les documents comptables conserv\u00e9s pendant <strong>10 ans<\/strong> conform\u00e9ment aux obligations l\u00e9gales applicables.<\/p>\n\n\n\n<hr class=\"wp-block-separator has-alpha-channel-opacity\"\/>\n\n\n\n<h2 class=\"wp-block-heading\">6. Destinataires des donn\u00e9es<\/h2>\n\n\n\n<p>Les donn\u00e9es collect\u00e9es sont destin\u00e9es exclusivement \u00e0 AG Formation Guadeloupe.<\/p>\n\n\n\n<p>Elles ne sont ni vendues, ni lou\u00e9es, ni c\u00e9d\u00e9es \u00e0 des tiers.<br>Elles peuvent \u00eatre h\u00e9berg\u00e9es par des prestataires techniques (h\u00e9bergeur, outils num\u00e9riques), agissant en qualit\u00e9 de sous-traitants, et uniquement pour les besoins techniques du site.<\/p>\n\n\n\n<hr class=\"wp-block-separator has-alpha-channel-opacity\"\/>\n\n\n\n<h2 class=\"wp-block-heading\">7. Transfert des donn\u00e9es hors Union europ\u00e9enne<\/h2>\n\n\n\n<p>Les donn\u00e9es personnelles ne font pas l\u2019objet de transferts en dehors de l\u2019Union europ\u00e9enne.<br>Dans le cas o\u00f9 un tel transfert serait amen\u00e9 \u00e0 intervenir, AG Formation Guadeloupe s\u2019engage \u00e0 mettre en place les garanties appropri\u00e9es pr\u00e9vues par le RGPD.<\/p>\n\n\n\n<hr class=\"wp-block-separator has-alpha-channel-opacity\"\/>\n\n\n\n<h2 class=\"wp-block-heading\">8. S\u00e9curit\u00e9 des donn\u00e9es<\/h2>\n\n\n\n<p>AG Formation Guadeloupe met en \u0153uvre des mesures techniques et organisationnelles appropri\u00e9es afin de garantir la s\u00e9curit\u00e9, l\u2019int\u00e9grit\u00e9 et la confidentialit\u00e9 des donn\u00e9es personnelles collect\u00e9es, et de pr\u00e9venir tout acc\u00e8s non autoris\u00e9, perte, alt\u00e9ration ou divulgation.<\/p>\n\n\n\n<p>Des mesures techniques sont mises en \u0153uvre afin de prot\u00e9ger les donn\u00e9es personnelles des utilisateurs, notamment par l\u2019utilisation d\u2019un protocole de communication s\u00e9curis\u00e9 (HTTPS\/SSL).<\/p>\n\n\n\n<p>Nous utilisons le service Cloudflare Turnstile afin de s\u00e9curiser nos formulaires contre les envois automatis\u00e9s. Des donn\u00e9es techniques peuvent \u00eatre trait\u00e9es \u00e0 cette fin par Cloudflare. <br>Pour en savoir plus, consultez la politique de confidentialit\u00e9 de Cloudflare : <a href=\"https:\/\/www.cloudflare.com\/privacypolicy\/\">https:\/\/www.cloudflare.com\/privacypolicy\/<\/a><\/p>\n\n\n\n<hr class=\"wp-block-separator has-alpha-channel-opacity\"\/>\n\n\n\n<h2 class=\"wp-block-heading\">9. Droits des utilisateurs<\/h2>\n\n\n\n<p>Conform\u00e9ment \u00e0 la r\u00e9glementation en vigueur, chaque utilisateur dispose des droits suivants :<\/p>\n\n\n\n<ul class=\"wp-block-list\">\n<li>droit d\u2019acc\u00e8s \u00e0 ses donn\u00e9es personnelles,<\/li>\n\n\n\n<li>droit de rectification,<\/li>\n\n\n\n<li>droit d\u2019effacement,<\/li>\n\n\n\n<li>droit d\u2019opposition,<\/li>\n\n\n\n<li>droit \u00e0 la limitation du traitement,<\/li>\n\n\n\n<li>droit \u00e0 la portabilit\u00e9 des donn\u00e9es,<\/li>\n<\/ul>\n\n\n\n<p>L\u2019utilisateur peut exercer ses droits en adressant une demande \u00e0 :<br>\ud83d\udce7  <a>contact@agformation-guadeloupe.fr<\/a><\/p>\n\n\n\n<p>A.G Formation Guadeloupe s\u2019engage \u00e0 r\u00e9pondre dans un d\u00e9lai maximal d\u2019un mois, conform\u00e9ment au RGPD.<\/p>\n\n\n\n<p>L\u2019utilisateur dispose \u00e9galement du droit d\u2019introduire une r\u00e9clamation aupr\u00e8s de la <strong>CNIL<\/strong> (<a>www.cnil.fr<\/a>).<\/p>\n\n\n\n<hr class=\"wp-block-separator has-alpha-channel-opacity\"\/>\n\n\n\n<h2 class=\"wp-block-heading\">10. Cookies<\/h2>\n\n\n\n<p>Le site peut utiliser des cookies strictement n\u00e9cessaires \u00e0 son bon fonctionnement.<br>Aucun cookie non essentiel n\u2019est d\u00e9pos\u00e9.<\/p>\n\n\n\n<hr class=\"wp-block-separator has-alpha-channel-opacity\"\/>\n\n\n\n<h2 class=\"wp-block-heading\">11. Modification de la politique de confidentialit\u00e9<\/h2>\n\n\n\n<p>La pr\u00e9sente politique de confidentialit\u00e9 peut \u00eatre modifi\u00e9e \u00e0 tout moment afin de tenir compte des \u00e9volutions l\u00e9gales, r\u00e9glementaires ou techniques.<\/p>\n\n\n\n<p>La version applicable est celle en vigueur au moment de la consultation du site.<\/p>\n\n\n\n<p><\/p>\n\n\n\n<p><em>Derni\u00e8re mise \u00e0 jour le 16 f\u00e9vrier 2026 \u00e0 18h29.<\/em><\/p>\n","protected":false},"excerpt":{"rendered":"<p>AG Formation Guadeloupe attache une importance particuli\u00e8re \u00e0 la protection des donn\u00e9es personnelles et s\u2019engage \u00e0 les traiter dans le respect de la r\u00e9glementation en vigueur, notamment le R\u00e8glement (UE) 2016\/679 du Parlement europ\u00e9en et du Conseil du 27 avril 2016, relatif \u00e0 la protection des personnes physiques \u00e0 l&rsquo;\u00e9gard du traitement des donn\u00e9es \u00e0 &hellip; <\/p>\n<p class=\"link-more\"><a href=\"https:\/\/agformation-guadeloupe.fr\/?page_id=102\" class=\"more-link\">Lire la suite de<span class=\"screen-reader-text\">\u00ab\u00a0Politique de confidentialit\u00e9 &#8211; Protection des donn\u00e9es personnelles (RGPD)\u00a0\u00bb<\/span><\/a><\/p>\n","protected":false},"author":1,"featured_media":0,"parent":0,"menu_order":0,"comment_status":"closed","ping_status":"closed","template":"","meta":{"footnotes":""},"class_list":["post-102","page","type-page","status-publish","hentry"],"featured_media_urls":[],"_links":{"self":[{"href":"https:\/\/agformation-guadeloupe.fr\/index.php?rest_route=\/wp\/v2\/pages\/102","targetHints":{"allow":["GET"]}}],"collection":[{"href":"https:\/\/agformation-guadeloupe.fr\/index.php?rest_route=\/wp\/v2\/pages"}],"about":[{"href":"https:\/\/agformation-guadeloupe.fr\/index.php?rest_route=\/wp\/v2\/types\/page"}],"author":[{"embeddable":true,"href":"https:\/\/agformation-guadeloupe.fr\/index.php?rest_route=\/wp\/v2\/users\/1"}],"replies":[{"embeddable":true,"href":"https:\/\/agformation-guadeloupe.fr\/index.php?rest_route=%2Fwp%2Fv2%2Fcomments&post=102"}],"version-history":[{"count":16,"href":"https:\/\/agformation-guadeloupe.fr\/index.php?rest_route=\/wp\/v2\/pages\/102\/revisions"}],"predecessor-version":[{"id":626,"href":"https:\/\/agformation-guadeloupe.fr\/index.php?rest_route=\/wp\/v2\/pages\/102\/revisions\/626"}],"wp:attachment":[{"href":"https:\/\/agformation-guadeloupe.fr\/index.php?rest_route=%2Fwp%2Fv2%2Fmedia&parent=102"}],"curies":[{"name":"wp","href":"https:\/\/api.w.org\/{rel}","templated":true}]}}