{"id":104,"date":"2025-12-21T02:36:53","date_gmt":"2025-12-21T02:36:53","guid":{"rendered":"https:\/\/agformation-guadeloupe.fr\/?page_id=104"},"modified":"2026-01-21T17:03:16","modified_gmt":"2026-01-21T17:03:16","slug":"formations-2","status":"publish","type":"page","link":"https:\/\/agformation-guadeloupe.fr\/?page_id=104","title":{"rendered":"Organisation et modalit\u00e9s de formation"},"content":{"rendered":"\n<p>A.G Formation Guadeloupe propose des actions de formation et d\u2019accompagnement \u00e0 destination des \u00e9tudiants en sant\u00e9, des professionnels de sant\u00e9 ainsi que des \u00e9tablissements sanitaires et m\u00e9dico-sociaux.<br>Les formations sont con\u00e7ues pour r\u00e9pondre aux r\u00e9alit\u00e9s du terrain, aux besoins des apprenants et aux pratiques professionnelles.<\/p>\n\n\n\n<hr class=\"wp-block-separator has-alpha-channel-opacity\"\/>\n\n\n\n<h3 class=\"wp-block-heading\">\ud83d\udda5\ufe0f <strong>Formations en e-learning<\/strong><\/h3>\n\n\n\n<p>Les formations en ligne permettent d\u2019apprendre \u00e0 son rythme, en toute autonomie, \u00e0 partir de contenus p\u00e9dagogiques structur\u00e9s, ludiques et accessibles.<\/p>\n\n\n\n<p>Elles peuvent inclure :<\/p>\n\n\n\n<ul class=\"wp-block-list\">\n<li>modules p\u00e9dagogiques en ligne<\/li>\n\n\n\n<li>supports interactifs<\/li>\n\n\n\n<li>quiz et \u00e9valuations<\/li>\n\n\n\n<li>ressources t\u00e9l\u00e9chargeables<\/li>\n<\/ul>\n\n\n\n<p>Ces formations s\u2019adressent notamment aux \u00e9tudiants en sant\u00e9 et aux professionnels souhaitant d\u00e9velopper, renforcer ou actualiser leurs connaissances.<\/p>\n\n\n\n<hr class=\"wp-block-separator has-alpha-channel-opacity\"\/>\n\n\n\n<h3 class=\"wp-block-heading\">\ud83c\udfeb <strong>Formations en pr\u00e9sentiel<\/strong><\/h3>\n\n\n\n<p>A.G Formation Guadeloupe dispense \u00e9galement des formations en pr\u00e9sentiel, adapt\u00e9es aux besoins des structures.<\/p>\n\n\n\n<p>Ces formations s\u2019inscrivent dans une d\u00e9marche de qualit\u00e9 et s\u2019appuient sur les r\u00e9f\u00e9rentiels publics applicables aux \u00e9tablissements de sant\u00e9 et m\u00e9dico-sociaux, notamment ceux publi\u00e9s par la Haute Autorit\u00e9 de Sant\u00e9, utilis\u00e9s comme cadres de r\u00e9f\u00e9rence p\u00e9dagogiques. Elles peuvent \u00eatre construites sur mesure, en fonction des besoins sp\u00e9cifiques de chaque structure.<\/p>\n\n\n\n<hr class=\"wp-block-separator has-alpha-channel-opacity\"\/>\n\n\n\n<h3 class=\"wp-block-heading\">\ud83e\uddd1\ud83c\udfff\u200d\u2695\ufe0f <strong>Accompagnement des \u00e9tudiants en sant\u00e9<\/strong><\/h3>\n\n\n\n<p>Un accompagnement sp\u00e9cifique est propos\u00e9 aux \u00e9tudiants en sant\u00e9, notamment dans le cadre :<\/p>\n\n\n\n<ul class=\"wp-block-list\">\n<li>de la pr\u00e9paration aux \u00e9preuves<\/li>\n\n\n\n<li>du renforcement des connaissances <\/li>\n\n\n\n<li>du d\u00e9veloppement de la m\u00e9thodologie et de la confiance professionnelle<\/li>\n<\/ul>\n\n\n\n<p>Cet accompagnement est ax\u00e9 sur une approche p\u00e9dagogique individualis\u00e9e.<\/p>\n\n\n\n<hr class=\"wp-block-separator has-alpha-channel-opacity\"\/>\n\n\n\n<h3 class=\"wp-block-heading\">\ud83c\udfe5 <strong>Accompagnement des \u00e9tablissements<\/strong><\/h3>\n\n\n\n<p>A.G Formation Guadeloupe accompagne les \u00e9tablissements sanitaires et m\u00e9dico-sociaux \u00e0 travers des actions cibl\u00e9es, pouvant inclure :<\/p>\n\n\n\n<ul class=\"wp-block-list\">\n<li>conseil et appui organisationnel<\/li>\n\n\n\n<li>accompagnement des \u00e9quipes<\/li>\n\n\n\n<li>actions de formation adapt\u00e9es aux besoins de la structure, s\u2019inscrivant dans une d\u00e9marche d\u2019appropriation des r\u00e9f\u00e9rentiels publics et de d\u00e9veloppement de la culture qualit\u00e9.<\/li>\n<\/ul>\n\n\n\n<p>Les modalit\u00e9s sont d\u00e9finies en fonction des objectifs et du contexte de l\u2019\u00e9tablissement.<\/p>\n\n\n\n<hr class=\"wp-block-separator has-alpha-channel-opacity\"\/>\n\n\n\n<h3 class=\"wp-block-heading\">\ud83d\udce9 <strong>Modalit\u00e9s<\/strong><\/h3>\n\n\n\n<p>Les formations et accompagnements sont propos\u00e9s selon des modalit\u00e9s adapt\u00e9es :<\/p>\n\n\n\n<ul class=\"wp-block-list\">\n<li>en ligne<\/li>\n\n\n\n<li>en pr\u00e9sentiel<\/li>\n\n\n\n<li>ou sous forme d\u2019accompagnement personnalis\u00e9<\/li>\n<\/ul>\n\n\n\n<p>Pour toute demande d\u2019information ou d\u2019\u00e9change, vous pouvez utiliser la page <strong>Contact<\/strong>.<\/p>\n\n\n\n<p><\/p>\n","protected":false},"excerpt":{"rendered":"<p>A.G Formation Guadeloupe propose des actions de formation et d\u2019accompagnement \u00e0 destination des \u00e9tudiants en sant\u00e9, des professionnels de sant\u00e9 ainsi que des \u00e9tablissements sanitaires et m\u00e9dico-sociaux.Les formations sont con\u00e7ues pour r\u00e9pondre aux r\u00e9alit\u00e9s du terrain, aux besoins des apprenants et aux pratiques professionnelles. \ud83d\udda5\ufe0f Formations en e-learning Les formations en ligne permettent d\u2019apprendre \u00e0 &hellip; <\/p>\n<p class=\"link-more\"><a href=\"https:\/\/agformation-guadeloupe.fr\/?page_id=104\" class=\"more-link\">Lire la suite de<span class=\"screen-reader-text\">\u00ab\u00a0Organisation et modalit\u00e9s de formation\u00a0\u00bb<\/span><\/a><\/p>\n","protected":false},"author":1,"featured_media":0,"parent":0,"menu_order":0,"comment_status":"closed","ping_status":"closed","template":"","meta":{"footnotes":""},"class_list":["post-104","page","type-page","status-publish","hentry"],"featured_media_urls":[],"_links":{"self":[{"href":"https:\/\/agformation-guadeloupe.fr\/index.php?rest_route=\/wp\/v2\/pages\/104","targetHints":{"allow":["GET"]}}],"collection":[{"href":"https:\/\/agformation-guadeloupe.fr\/index.php?rest_route=\/wp\/v2\/pages"}],"about":[{"href":"https:\/\/agformation-guadeloupe.fr\/index.php?rest_route=\/wp\/v2\/types\/page"}],"author":[{"embeddable":true,"href":"https:\/\/agformation-guadeloupe.fr\/index.php?rest_route=\/wp\/v2\/users\/1"}],"replies":[{"embeddable":true,"href":"https:\/\/agformation-guadeloupe.fr\/index.php?rest_route=%2Fwp%2Fv2%2Fcomments&post=104"}],"version-history":[{"count":7,"href":"https:\/\/agformation-guadeloupe.fr\/index.php?rest_route=\/wp\/v2\/pages\/104\/revisions"}],"predecessor-version":[{"id":417,"href":"https:\/\/agformation-guadeloupe.fr\/index.php?rest_route=\/wp\/v2\/pages\/104\/revisions\/417"}],"wp:attachment":[{"href":"https:\/\/agformation-guadeloupe.fr\/index.php?rest_route=%2Fwp%2Fv2%2Fmedia&parent=104"}],"curies":[{"name":"wp","href":"https:\/\/api.w.org\/{rel}","templated":true}]}}