{"id":108,"date":"2025-12-21T03:04:19","date_gmt":"2025-12-21T03:04:19","guid":{"rendered":"https:\/\/agformation-guadeloupe.fr\/?page_id=108"},"modified":"2026-01-17T17:12:57","modified_gmt":"2026-01-17T17:12:57","slug":"a-propos-2","status":"publish","type":"page","link":"https:\/\/agformation-guadeloupe.fr\/?page_id=108","title":{"rendered":"A propos"},"content":{"rendered":"\t\t<div data-elementor-type=\"wp-page\" data-elementor-id=\"108\" class=\"elementor elementor-108\">\n\t\t\t\t<div class=\"elementor-element elementor-element-7a1a8b5c e-flex e-con-boxed e-con e-parent\" data-id=\"7a1a8b5c\" data-element_type=\"container\" data-e-type=\"container\">\n\t\t\t\t\t<div class=\"e-con-inner\">\n\t\t\t\t<div class=\"elementor-element elementor-element-31325d1e elementor-widget elementor-widget-text-editor\" data-id=\"31325d1e\" data-element_type=\"widget\" data-e-type=\"widget\" data-widget_type=\"text-editor.default\">\n\t\t\t\t\t\t\t\t\t\n<p>\ud83c\udf93 <strong>Parcours de la formatrice qui vous accompagne<\/strong><\/p>\n\n<ul>\n<li><em><strong>\ud83d\udc69\ud83c\udffe\u200d\u2695\ufe0f Dipl\u00f4me d\u2019\u00c9tat Infirmier<\/strong><\/em> &#8211; IFSI de Guadeloupe<\/li>\n<li>\ud83c\udfe5 <em><strong>Dipl\u00f4me d\u2019\u00c9tat de Cadre de Sant\u00e9<\/strong><\/em> \u2013 IFCS CHU de Lille<\/li>\n<li>\ud83d\udcca <em><strong>Master 1 <\/strong><\/em>\u00ab<em>MANAGEMENT SECTORIEL \u00bb<\/em> &#8211; Universit\u00e9 de Lille<\/li>\n<li>\ud83e\udde0 <strong><em>Master 2<\/em><\/strong> \u00ab SCIENCES HUMAINES ET SOCIALES<em>, Mention SCIENCES DE L&rsquo;\u00c9DUCATION ET DE LA FORMATION, Parcours ING\u00c9NIERIE DE FORMATION DES ADULTES &#8211; CADRES DE SANT\u00c9\u00bb<\/em>, Facult\u00e9 PsySEF, Universit\u00e9 de Lille<\/li>\n<li>\ud83e\udda0 <em><strong>Dipl\u00f4me Universitaire<\/strong><\/em> de \u00ab <em>Pr\u00e9vention des infections li\u00e9es aux soins et \u00e0 la qualit\u00e9 des soins<\/em> \u00bb , Universit\u00e9 de Caen<\/li>\n<li><em><strong>\ud83e\udd1dDipl\u00f4me Universitaire<\/strong><\/em> \u00ab <em>Coordination en g\u00e9rontologie<\/em> \u00bb, Universit\u00e9 de Caen<\/li>\n<\/ul>\n\t\t\t\t\t\t\t\t<\/div>\n\t\t\t\t\t<\/div>\n\t\t\t\t<\/div>\n\t\t\t\t<\/div>\n\t\t","protected":false},"excerpt":{"rendered":"<p>\ud83c\udf93 Parcours de la formatrice qui vous accompagne \ud83d\udc69\ud83c\udffe\u200d\u2695\ufe0f Dipl\u00f4me d\u2019\u00c9tat Infirmier &#8211; IFSI de Guadeloupe \ud83c\udfe5 Dipl\u00f4me d\u2019\u00c9tat de Cadre de Sant\u00e9 \u2013 IFCS CHU de Lille \ud83d\udcca Master 1 \u00abMANAGEMENT SECTORIEL \u00bb &#8211; Universit\u00e9 de Lille \ud83e\udde0 Master 2 \u00ab SCIENCES HUMAINES ET SOCIALES, Mention SCIENCES DE L&rsquo;\u00c9DUCATION ET DE LA FORMATION, Parcours &hellip; <\/p>\n<p class=\"link-more\"><a href=\"https:\/\/agformation-guadeloupe.fr\/?page_id=108\" class=\"more-link\">Lire la suite de<span class=\"screen-reader-text\">\u00ab\u00a0A propos\u00a0\u00bb<\/span><\/a><\/p>\n","protected":false},"author":1,"featured_media":0,"parent":0,"menu_order":0,"comment_status":"closed","ping_status":"closed","template":"","meta":{"footnotes":""},"class_list":["post-108","page","type-page","status-publish","hentry"],"featured_media_urls":[],"_links":{"self":[{"href":"https:\/\/agformation-guadeloupe.fr\/index.php?rest_route=\/wp\/v2\/pages\/108","targetHints":{"allow":["GET"]}}],"collection":[{"href":"https:\/\/agformation-guadeloupe.fr\/index.php?rest_route=\/wp\/v2\/pages"}],"about":[{"href":"https:\/\/agformation-guadeloupe.fr\/index.php?rest_route=\/wp\/v2\/types\/page"}],"author":[{"embeddable":true,"href":"https:\/\/agformation-guadeloupe.fr\/index.php?rest_route=\/wp\/v2\/users\/1"}],"replies":[{"embeddable":true,"href":"https:\/\/agformation-guadeloupe.fr\/index.php?rest_route=%2Fwp%2Fv2%2Fcomments&post=108"}],"version-history":[{"count":8,"href":"https:\/\/agformation-guadeloupe.fr\/index.php?rest_route=\/wp\/v2\/pages\/108\/revisions"}],"predecessor-version":[{"id":387,"href":"https:\/\/agformation-guadeloupe.fr\/index.php?rest_route=\/wp\/v2\/pages\/108\/revisions\/387"}],"wp:attachment":[{"href":"https:\/\/agformation-guadeloupe.fr\/index.php?rest_route=%2Fwp%2Fv2%2Fmedia&parent=108"}],"curies":[{"name":"wp","href":"https:\/\/api.w.org\/{rel}","templated":true}]}}