{"id":113,"date":"2025-12-21T03:13:35","date_gmt":"2025-12-21T03:13:35","guid":{"rendered":"https:\/\/agformation-guadeloupe.fr\/?page_id=113"},"modified":"2026-01-22T18:16:49","modified_gmt":"2026-01-22T18:16:49","slug":"campus-ag-formation-guadeloupe","status":"publish","type":"page","link":"https:\/\/agformation-guadeloupe.fr\/?page_id=113","title":{"rendered":"Campus AG Formation Guadeloupe"},"content":{"rendered":"\t\t<div data-elementor-type=\"wp-page\" data-elementor-id=\"113\" class=\"elementor elementor-113\">\n\t\t\t\t<div class=\"elementor-element elementor-element-7ee64175 e-flex e-con-boxed e-con e-parent\" data-id=\"7ee64175\" data-element_type=\"container\" data-e-type=\"container\">\n\t\t\t\t\t<div class=\"e-con-inner\">\n\t\t\t\t<div class=\"elementor-element elementor-element-4db61b67 elementor-widget elementor-widget-text-editor\" data-id=\"4db61b67\" data-element_type=\"widget\" data-e-type=\"widget\" data-widget_type=\"text-editor.default\">\n\t\t\t\t\t\t\t\t\t\n<p>Bienvenue sur le Campus A.G Formation Guadeloupe \ud83c\udf93<\/p>\n\n\n\n<p>Cet espace vous permet d\u2019acc\u00e9der \u00e0 vos formations en ligne :<\/p>\n\n\n\n<ul class=\"wp-block-list\">\n<li>cours<\/li>\n\n\n\n<li>supports p\u00e9dagogiques<\/li>\n\n\n\n<li>quiz et \u00e9valuations<\/li>\n\n\n\n<li>suivi de votre progression<\/li>\n<\/ul>\n\n\n\n<p>L\u2019acc\u00e8s aux contenus se fait via une plateforme s\u00e9curis\u00e9e de formation en ligne.<\/p>\n\t\t\t\t\t\t\t\t<\/div>\n\t\t\t\t<div class=\"elementor-element elementor-element-5732bf6 elementor-align-center elementor-widget elementor-widget-button\" data-id=\"5732bf6\" data-element_type=\"widget\" data-e-type=\"widget\" data-widget_type=\"button.default\">\n\t\t\t\t\t\t\t\t\t\t<a class=\"elementor-button elementor-button-link elementor-size-sm\" href=\"https:\/\/agformation-guadeloupe.fr\/?page_id=273\">\n\t\t\t\t\t\t<span class=\"elementor-button-content-wrapper\">\n\t\t\t\t\t\t\t\t\t<span class=\"elementor-button-text\">Formations disponibles sur le campus <\/span>\n\t\t\t\t\t<\/span>\n\t\t\t\t\t<\/a>\n\t\t\t\t\t\t\t\t<\/div>\n\t\t\t\t\t<\/div>\n\t\t\t\t<\/div>\n\t\t\t\t<\/div>\n\t\t","protected":false},"excerpt":{"rendered":"<p>Bienvenue sur le Campus A.G Formation Guadeloupe \ud83c\udf93 Cet espace vous permet d\u2019acc\u00e9der \u00e0 vos formations en ligne : L\u2019acc\u00e8s aux contenus se fait via une plateforme s\u00e9curis\u00e9e de formation en ligne. Formations disponibles sur le campus<\/p>\n","protected":false},"author":1,"featured_media":0,"parent":0,"menu_order":0,"comment_status":"closed","ping_status":"closed","template":"","meta":{"footnotes":""},"class_list":["post-113","page","type-page","status-publish","hentry"],"featured_media_urls":[],"_links":{"self":[{"href":"https:\/\/agformation-guadeloupe.fr\/index.php?rest_route=\/wp\/v2\/pages\/113","targetHints":{"allow":["GET"]}}],"collection":[{"href":"https:\/\/agformation-guadeloupe.fr\/index.php?rest_route=\/wp\/v2\/pages"}],"about":[{"href":"https:\/\/agformation-guadeloupe.fr\/index.php?rest_route=\/wp\/v2\/types\/page"}],"author":[{"embeddable":true,"href":"https:\/\/agformation-guadeloupe.fr\/index.php?rest_route=\/wp\/v2\/users\/1"}],"replies":[{"embeddable":true,"href":"https:\/\/agformation-guadeloupe.fr\/index.php?rest_route=%2Fwp%2Fv2%2Fcomments&post=113"}],"version-history":[{"count":11,"href":"https:\/\/agformation-guadeloupe.fr\/index.php?rest_route=\/wp\/v2\/pages\/113\/revisions"}],"predecessor-version":[{"id":427,"href":"https:\/\/agformation-guadeloupe.fr\/index.php?rest_route=\/wp\/v2\/pages\/113\/revisions\/427"}],"wp:attachment":[{"href":"https:\/\/agformation-guadeloupe.fr\/index.php?rest_route=%2Fwp%2Fv2%2Fmedia&parent=113"}],"curies":[{"name":"wp","href":"https:\/\/api.w.org\/{rel}","templated":true}]}}