{"id":19,"date":"2025-12-20T21:34:33","date_gmt":"2025-12-20T21:34:33","guid":{"rendered":"https:\/\/agformation-guadeloupe.fr\/?page_id=19"},"modified":"2026-01-30T14:54:42","modified_gmt":"2026-01-30T14:54:42","slug":"accueil","status":"publish","type":"page","link":"https:\/\/agformation-guadeloupe.fr\/?page_id=19","title":{"rendered":"Accueil"},"content":{"rendered":"\t\t<div data-elementor-type=\"wp-page\" data-elementor-id=\"19\" class=\"elementor elementor-19\">\n\t\t\t\t<div class=\"elementor-element elementor-element-59443a41 e-flex e-con-boxed e-con e-parent\" data-id=\"59443a41\" data-element_type=\"container\" data-e-type=\"container\">\n\t\t\t\t\t<div class=\"e-con-inner\">\n\t\t\t\t<div class=\"elementor-element elementor-element-1e3e1560 elementor-widget elementor-widget-text-editor\" data-id=\"1e3e1560\" data-element_type=\"widget\" data-e-type=\"widget\" data-widget_type=\"text-editor.default\">\n\t\t\t\t\t\t\t\t\t\n<h2 class=\"wp-block-heading\" style=\"text-align: center;\"><span style=\"color: #008000;\"><strong><em>Qui sommes nous ?<\/em><\/strong><\/span><\/h2>\n\n<p style=\"text-align: center;\"><em><strong><span style=\"text-decoration: underline;\">Nos missions<\/span><\/strong><br \/><\/em>Fond\u00e9e en 2025, <strong><em>AG Formation Guadeloupe<\/em><\/strong> a pour mission la formation et l\u2019accompagnement des \u00e9tudiants et des professionnels de sant\u00e9, le d\u00e9veloppement de formations en ligne et en pr\u00e9sentiel, le conseil aupr\u00e8s des \u00e9tablissements sanitaires et m\u00e9dico-sociaux ainsi que la r\u00e9alisation d\u2019audits organisationnels et de pratiques professionnelles.<\/p>\n\n<p>\u00a0<\/p>\n<p style=\"text-align: center;\"><em><strong><span style=\"text-decoration: underline;\">Une expertise issue du terrain<\/span><\/strong><br \/><\/em><strong>AG Formation Guadeloupe<\/strong> est n\u00e9e de la volont\u00e9 de proposer des formations en sant\u00e9 claires, accessibles et engageantes.<\/p>\n\n<p style=\"text-align: center;\">La structure a \u00e9t\u00e9 cr\u00e9\u00e9e par une cadre de sant\u00e9 infirmi\u00e8re, ayant exerc\u00e9 en \u00e9tablissement de sant\u00e9, et sp\u00e9cialis\u00e9e en g\u00e9riatrie, en hygi\u00e8ne et en sciences de l&rsquo;\u00e9ducation de la formation des adultes.<\/p>\n\n<p style=\"text-align: center;\">Convaincue que l\u2019apprentissage est plus efficace lorsqu\u2019il est actif et stimulant, AG Formation Guadeloupe privil\u00e9gie une approche ludique et interactive, favorisant la compr\u00e9hension, la m\u00e9morisation et la mise en pratique.<\/p>\n\n<p style=\"text-align: center;\">Les contenus propos\u00e9s alternent supports visuels, activit\u00e9s interactives, mises en situation et temps de r\u00e9flexion, afin de rendre chaque formation vivante, concr\u00e8te et adapt\u00e9e au rythme de chacun.<\/p>\n\n<p>\u00a0<\/p>\n<p style=\"text-align: center;\"><strong><span style=\"text-decoration: underline;\"><em>Publics cibl\u00e9s<\/em><\/span><\/strong><\/p>\n\n<ul class=\"wp-block-list\">\n<li style=\"text-align: center;\">Etablissements sanitaires et m\u00e9dicaux sociaux<\/li>\n\n<li style=\"text-align: center;\">Professionnels de sant\u00e9\u00a0(<em>Outre-mer et de France m\u00e9tropolitaine<\/em>)<\/li>\n\n<li style=\"text-align: center;\">Etudiants infirmiers et aides-soignants\u00a0(<em>Outre-mer et de France m\u00e9tropolitaine<\/em>)<\/li>\n<\/ul>\n\n<p>\u00a0<\/p>\n\t\t\t\t\t\t\t\t<\/div>\n\t\t\t\t\t<\/div>\n\t\t\t\t<\/div>\n\t\t\t\t<\/div>\n\t\t","protected":false},"excerpt":{"rendered":"<p>Qui sommes nous ? Nos missionsFond\u00e9e en 2025, AG Formation Guadeloupe a pour mission la formation et l\u2019accompagnement des \u00e9tudiants et des professionnels de sant\u00e9, le d\u00e9veloppement de formations en ligne et en pr\u00e9sentiel, le conseil aupr\u00e8s des \u00e9tablissements sanitaires et m\u00e9dico-sociaux ainsi que la r\u00e9alisation d\u2019audits organisationnels et de pratiques professionnelles. \u00a0 Une expertise &hellip; <\/p>\n<p class=\"link-more\"><a href=\"https:\/\/agformation-guadeloupe.fr\/?page_id=19\" class=\"more-link\">Lire la suite de<span class=\"screen-reader-text\">\u00ab\u00a0Accueil\u00a0\u00bb<\/span><\/a><\/p>\n","protected":false},"author":1,"featured_media":0,"parent":0,"menu_order":0,"comment_status":"closed","ping_status":"closed","template":"","meta":{"footnotes":""},"class_list":["post-19","page","type-page","status-publish","hentry"],"featured_media_urls":[],"_links":{"self":[{"href":"https:\/\/agformation-guadeloupe.fr\/index.php?rest_route=\/wp\/v2\/pages\/19","targetHints":{"allow":["GET"]}}],"collection":[{"href":"https:\/\/agformation-guadeloupe.fr\/index.php?rest_route=\/wp\/v2\/pages"}],"about":[{"href":"https:\/\/agformation-guadeloupe.fr\/index.php?rest_route=\/wp\/v2\/types\/page"}],"author":[{"embeddable":true,"href":"https:\/\/agformation-guadeloupe.fr\/index.php?rest_route=\/wp\/v2\/users\/1"}],"replies":[{"embeddable":true,"href":"https:\/\/agformation-guadeloupe.fr\/index.php?rest_route=%2Fwp%2Fv2%2Fcomments&post=19"}],"version-history":[{"count":14,"href":"https:\/\/agformation-guadeloupe.fr\/index.php?rest_route=\/wp\/v2\/pages\/19\/revisions"}],"predecessor-version":[{"id":448,"href":"https:\/\/agformation-guadeloupe.fr\/index.php?rest_route=\/wp\/v2\/pages\/19\/revisions\/448"}],"wp:attachment":[{"href":"https:\/\/agformation-guadeloupe.fr\/index.php?rest_route=%2Fwp%2Fv2%2Fmedia&parent=19"}],"curies":[{"name":"wp","href":"https:\/\/api.w.org\/{rel}","templated":true}]}}