{"id":194,"date":"2025-12-21T14:41:47","date_gmt":"2025-12-21T14:41:47","guid":{"rendered":"https:\/\/agformation-guadeloupe.fr\/?page_id=194"},"modified":"2025-12-21T14:41:47","modified_gmt":"2025-12-21T14:41:47","slug":"organisation-des-formations-en-e-learning","status":"publish","type":"page","link":"https:\/\/agformation-guadeloupe.fr\/?page_id=194","title":{"rendered":"Organisation des formations en e-learning"},"content":{"rendered":"\n<p><\/p>\n\n\n\n<p>Les formations propos\u00e9es en e-learning par <strong>A.G Formation Guadeloupe<\/strong> se d\u00e9roulent au sein d\u2019un <strong>campus de formation en ligne d\u00e9di\u00e9<\/strong> , con\u00e7u pour offrir aux apprenants un cadre structur\u00e9, accessible et s\u00e9curis\u00e9.<\/p>\n\n\n\n<p>Le campus e-learning permet aux apprenants de suivre leur parcours de formation <strong>\u00e0 distance<\/strong>, en toute autonomie, tout en b\u00e9n\u00e9ficiant d\u2019un accompagnement p\u00e9dagogique individualis\u00e9 et adapt\u00e9.<\/p>\n\n\n\n<hr class=\"wp-block-separator has-alpha-channel-opacity\"\/>\n\n\n\n<h3 class=\"wp-block-heading\">\ud83d\udccc Acc\u00e8s au campus de formation<\/h3>\n\n\n\n<p>L\u2019acc\u00e8s au campus s\u2019effectue via une plateforme de formation en ligne s\u00e9curis\u00e9e.<br>Chaque apprenant re\u00e7oit des <strong>identifiants personnels<\/strong> lui permettant de se connecter \u00e0 son espace de formation.<\/p>\n\n\n\n<p>Le campus est accessible :<\/p>\n\n\n\n<ul class=\"wp-block-list\">\n<li>24h\/24 et 7j\/7<\/li>\n\n\n\n<li>depuis un ordinateur, une tablette ou un smartphone<\/li>\n\n\n\n<li>sous r\u00e9serve d\u2019une connexion internet<\/li>\n<\/ul>\n\n\n\n<hr class=\"wp-block-separator has-alpha-channel-opacity\"\/>\n\n\n\n<h3 class=\"wp-block-heading\">\ud83d\udccc D\u00e9roulement des formations<\/h3>\n\n\n\n<p>Les formations en e-learning sont organis\u00e9es sous forme de :<\/p>\n\n\n\n<ul class=\"wp-block-list\">\n<li>modules p\u00e9dagogiques structur\u00e9s<\/li>\n\n\n\n<li>supports de cours num\u00e9riques<\/li>\n\n\n\n<li>vid\u00e9os p\u00e9dagogiques<\/li>\n\n\n\n<li>ressources compl\u00e9mentaires<\/li>\n\n\n\n<li>exercices, activit\u00e9s et examens blancs<\/li>\n<\/ul>\n\n\n\n<p>L\u2019apprenant progresse <strong>\u00e0 son rythme<\/strong>, selon l\u2019organisation d\u00e9finie pour chaque formation.<\/p>\n\n\n\n<hr class=\"wp-block-separator has-alpha-channel-opacity\"\/>\n\n\n\n<h3 class=\"wp-block-heading\">\ud83d\udccc Accompagnement p\u00e9dagogique<\/h3>\n\n\n\n<p>Selon la formule choisie, les apprenants peuvent b\u00e9n\u00e9ficier :<\/p>\n\n\n\n<ul class=\"wp-block-list\">\n<li>d\u2019un accompagnement p\u00e9dagogique individualis\u00e9<\/li>\n\n\n\n<li>d\u2019\u00e9changes avec une formatrice cadre de sant\u00e9 AG Formation Guadeloupe<\/li>\n\n\n\n<li>de temps de clarification ou de suivi (mails, t\u00e9l\u00e9phone, WhatsApp)<\/li>\n<\/ul>\n\n\n\n<p>L\u2019objectif est de favoriser la compr\u00e9hension des contenus, la mont\u00e9e en comp\u00e9tences et la r\u00e9ussite du parcours de formation.<\/p>\n\n\n\n<hr class=\"wp-block-separator has-alpha-channel-opacity\"\/>\n\n\n\n<h3 class=\"wp-block-heading\">\ud83d\udccc Suivi et cadre p\u00e9dagogique<\/h3>\n\n\n\n<p>Le campus permet un suivi de la progression de l\u2019apprenant tout au long de la formation.<br>Les formations sont con\u00e7ues dans le respect des <strong>r\u00e9f\u00e9rentiels nationaux en vigueur<\/strong>, avec une approche p\u00e9dagogique ludique et adapt\u00e9e aux publics concern\u00e9s.<\/p>\n\n\n\n<hr class=\"wp-block-separator has-alpha-channel-opacity\"\/>\n\n\n\n<h3 class=\"wp-block-heading\">\ud83d\udccc Confidentialit\u00e9 <\/h3>\n\n\n\n<p>L\u2019ensemble des donn\u00e9es et des contenus de formation est h\u00e9berg\u00e9 sur une plateforme s\u00e9curis\u00e9e.<br>Les acc\u00e8s sont strictement personnels et r\u00e9serv\u00e9s aux apprenants inscrits.<\/p>\n\n\n\n<hr class=\"wp-block-separator has-alpha-channel-opacity\"\/>\n\n\n\n<h3 class=\"wp-block-heading\">\ud83d\udccc Paiement et s\u00e9curit\u00e9<\/h3>\n\n\n\n<p>Les paiements des formations e-learning propos\u00e9es par A.G Formation Guadeloupe sont effectu\u00e9s via une <strong>plateforme de paiement en ligne s\u00e9curis\u00e9e<\/strong>, utilis\u00e9e par le campus de formation.<\/p>\n\n\n\n<p>Les transactions sont trait\u00e9es par des prestataires de paiement reconnus, respectant les normes de s\u00e9curit\u00e9 en vigueur, notamment en mati\u00e8re de protection des donn\u00e9es et de s\u00e9curisation des paiements en ligne.<\/p>\n\n\n\n<p>A.G Formation Guadeloupe <strong>n\u2019a \u00e0 aucun moment acc\u00e8s aux donn\u00e9es bancaires<\/strong> des utilisateurs.<br>Les informations de paiement sont trait\u00e9es directement par la plateforme de paiement, dans un environnement s\u00e9curis\u00e9.<\/p>\n\n\n\n<hr class=\"wp-block-separator has-alpha-channel-opacity\"\/>\n\n\n\n<h3 class=\"wp-block-heading\">\ud83d\udccc Protection des donn\u00e9es<\/h3>\n\n\n\n<p>Les donn\u00e9es personnelles collect\u00e9es dans le cadre de l\u2019inscription et de l\u2019acc\u00e8s aux formations sont utilis\u00e9es uniquement \u00e0 des fins de gestion administrative et p\u00e9dagogique, dans le respect de la r\u00e9glementation applicable en mati\u00e8re de protection des donn\u00e9es.<\/p>\n","protected":false},"excerpt":{"rendered":"<p>Les formations propos\u00e9es en e-learning par A.G Formation Guadeloupe se d\u00e9roulent au sein d\u2019un campus de formation en ligne d\u00e9di\u00e9 , con\u00e7u pour offrir aux apprenants un cadre structur\u00e9, accessible et s\u00e9curis\u00e9. Le campus e-learning permet aux apprenants de suivre leur parcours de formation \u00e0 distance, en toute autonomie, tout en b\u00e9n\u00e9ficiant d\u2019un accompagnement p\u00e9dagogique &hellip; <\/p>\n<p class=\"link-more\"><a href=\"https:\/\/agformation-guadeloupe.fr\/?page_id=194\" class=\"more-link\">Lire la suite de<span class=\"screen-reader-text\">\u00ab\u00a0Organisation des formations en e-learning\u00a0\u00bb<\/span><\/a><\/p>\n","protected":false},"author":1,"featured_media":0,"parent":0,"menu_order":0,"comment_status":"closed","ping_status":"closed","template":"","meta":{"footnotes":""},"class_list":["post-194","page","type-page","status-publish","hentry"],"featured_media_urls":[],"_links":{"self":[{"href":"https:\/\/agformation-guadeloupe.fr\/index.php?rest_route=\/wp\/v2\/pages\/194","targetHints":{"allow":["GET"]}}],"collection":[{"href":"https:\/\/agformation-guadeloupe.fr\/index.php?rest_route=\/wp\/v2\/pages"}],"about":[{"href":"https:\/\/agformation-guadeloupe.fr\/index.php?rest_route=\/wp\/v2\/types\/page"}],"author":[{"embeddable":true,"href":"https:\/\/agformation-guadeloupe.fr\/index.php?rest_route=\/wp\/v2\/users\/1"}],"replies":[{"embeddable":true,"href":"https:\/\/agformation-guadeloupe.fr\/index.php?rest_route=%2Fwp%2Fv2%2Fcomments&post=194"}],"version-history":[{"count":1,"href":"https:\/\/agformation-guadeloupe.fr\/index.php?rest_route=\/wp\/v2\/pages\/194\/revisions"}],"predecessor-version":[{"id":196,"href":"https:\/\/agformation-guadeloupe.fr\/index.php?rest_route=\/wp\/v2\/pages\/194\/revisions\/196"}],"wp:attachment":[{"href":"https:\/\/agformation-guadeloupe.fr\/index.php?rest_route=%2Fwp%2Fv2%2Fmedia&parent=194"}],"curies":[{"name":"wp","href":"https:\/\/api.w.org\/{rel}","templated":true}]}}