{"id":199,"date":"2025-12-21T15:22:07","date_gmt":"2025-12-21T15:22:07","guid":{"rendered":"https:\/\/agformation-guadeloupe.fr\/?page_id=199"},"modified":"2025-12-21T15:53:22","modified_gmt":"2025-12-21T15:53:22","slug":"catalogue","status":"publish","type":"page","link":"https:\/\/agformation-guadeloupe.fr\/?page_id=199","title":{"rendered":"Catalogue"},"content":{"rendered":"\t\t<div data-elementor-type=\"wp-page\" data-elementor-id=\"199\" class=\"elementor elementor-199\">\n\t\t\t\t<div class=\"elementor-element elementor-element-3a9b0e9e e-flex e-con-boxed e-con e-parent\" data-id=\"3a9b0e9e\" data-element_type=\"container\" data-e-type=\"container\">\n\t\t\t\t\t<div class=\"e-con-inner\">\n\t\t\t\t<div class=\"elementor-element elementor-element-190ee84d elementor-widget elementor-widget-text-editor\" data-id=\"190ee84d\" data-element_type=\"widget\" data-e-type=\"widget\" data-widget_type=\"text-editor.default\">\n\t\t\t\t\t\t\t\t\t\n<h2 class=\"wp-block-heading\">\ud83d\udccc Prestations disponibles<\/h2>\n\n<h3 class=\"wp-block-heading\"><strong>Pr\u00e9paration aux \u00e9preuves de s\u00e9lection d\u2019entr\u00e9e en <\/strong>Institut de formation en soins infirmiers (IFSI)<\/h3>\n\n<figure class=\"wp-block-image size-large is-resized\"><img fetchpriority=\"high\" decoding=\"async\" width=\"1024\" height=\"576\" class=\"wp-image-205 aligncenter\" style=\"width: 329px; height: auto;\" src=\"https:\/\/agformation-guadeloupe.fr\/wp-content\/uploads\/2025\/12\/nouvelle-page-daccueil-prepa-1024x576.png\" alt=\"\" srcset=\"https:\/\/agformation-guadeloupe.fr\/wp-content\/uploads\/2025\/12\/nouvelle-page-daccueil-prepa-1024x576.png 1024w, https:\/\/agformation-guadeloupe.fr\/wp-content\/uploads\/2025\/12\/nouvelle-page-daccueil-prepa-300x169.png 300w, https:\/\/agformation-guadeloupe.fr\/wp-content\/uploads\/2025\/12\/nouvelle-page-daccueil-prepa.png 1920w\" sizes=\"(max-width: 1024px) 100vw, 1024px\" \/><\/figure>\n\n<p>A.G Formation Guadeloupe propose une pr\u00e9paration aux \u00e9preuves de s\u00e9lection d\u2019entr\u00e9e en Institut de Formation en Soins Infirmiers (IFSI), destin\u00e9e aux candidats relevant de la formation professionnelle souhaitant int\u00e9grer la formation infirmi\u00e8re.<\/p>\n\n<p>Cette pr\u00e9paration vise \u00e0 :<\/p>\n\n<ul class=\"wp-block-list\">\n<li>accompagner le candidat dans sa d\u00e9marche d\u2019acc\u00e8s \u00e0 la formation infirmi\u00e8re<\/li>\n\n<li>renforcer la m\u00e9thodologie de travail et les connaissances n\u00e9cessaires<\/li>\n\n<li>pr\u00e9parer efficacement aux \u00e9preuves de s\u00e9lection<\/li>\n\n<li>favoriser la r\u00e9ussite du projet d\u2019entr\u00e9e en IFSI<\/li>\n<\/ul>\n\n<p>\ud83d\udde3\ufe0f<em>Les informations d\u00e9taill\u00e9es (objectifs, organisation, modalit\u00e9s) sont disponibles sur la plateforme <a href=\"https:\/\/agformation-guadeloupe.fr\/?page_id=113\" data-type=\"page\" data-id=\"113\">Campus<\/a>.<\/em><\/p>\n<hr class=\"wp-block-separator has-alpha-channel-opacity\" \/>\n<p>\u00a0<\/p>\n\n<h2 class=\"wp-block-heading\">\ud83d\udccc Prestations sur mesure<\/h2>\n\n<p>A.G Formation Guadeloupe propose \u00e9galement des <strong>prestations sur mesure<\/strong>, adapt\u00e9es aux besoins sp\u00e9cifiques des candidats ou des structures.<\/p>\n\n<p>Les contenus et modalit\u00e9s sont d\u00e9finis apr\u00e8s <strong>\u00e9change et analyse de votre demande<\/strong>.<\/p>\n\n<p>\ud83d\udde3\ufe0f <em>Pour toute demande de prestation sur mesure, merci de prendre contact directement avec A.G Formation Guadeloupe via la rubrique<\/em> <em><a href=\"https:\/\/agformation-guadeloupe.fr\/?page_id=169\" data-type=\"page\" data-id=\"169\">Contact<\/a><\/em>.<\/p>\n<hr class=\"wp-block-separator has-alpha-channel-opacity\" \/>\n<p>\u00a0<\/p>\n\n<h2 class=\"wp-block-heading\">\ud83d\udccc Prestations \u00e0 venir<\/h2>\n\n<p>Le catalogue A.G Formation Guadeloupe a vocation \u00e0 \u00eatre progressivement enrichi.<br \/>De nouvelles prestations seront propos\u00e9es prochainement, adapt\u00e9es aux besoins identifi\u00e9s ainsi qu\u2019aux \u00e9volutions r\u00e9glementaires et p\u00e9dagogiques.<\/p>\n\n<p>\ud83d\udde3\ufe0f <em>Pour toute demande urgente, n\u2019h\u00e9sitez pas \u00e0 prendre contact directement avec A.G Formation Guadeloupe via la rubrique <a href=\"https:\/\/agformation-guadeloupe.fr\/?page_id=169\" data-type=\"page\" data-id=\"169\">Contact<\/a><\/em>.<\/p>\n\n<p>\u00a0<\/p>\n\t\t\t\t\t\t\t\t<\/div>\n\t\t\t\t\t<\/div>\n\t\t\t\t<\/div>\n\t\t\t\t<\/div>\n\t\t","protected":false},"excerpt":{"rendered":"<p>\ud83d\udccc Prestations disponibles Pr\u00e9paration aux \u00e9preuves de s\u00e9lection d\u2019entr\u00e9e en Institut de formation en soins infirmiers (IFSI) A.G Formation Guadeloupe propose une pr\u00e9paration aux \u00e9preuves de s\u00e9lection d\u2019entr\u00e9e en Institut de Formation en Soins Infirmiers (IFSI), destin\u00e9e aux candidats relevant de la formation professionnelle souhaitant int\u00e9grer la formation infirmi\u00e8re. Cette pr\u00e9paration vise \u00e0 : \ud83d\udde3\ufe0fLes &hellip; <\/p>\n<p class=\"link-more\"><a href=\"https:\/\/agformation-guadeloupe.fr\/?page_id=199\" class=\"more-link\">Lire la suite de<span class=\"screen-reader-text\">\u00ab\u00a0Catalogue\u00a0\u00bb<\/span><\/a><\/p>\n","protected":false},"author":1,"featured_media":0,"parent":0,"menu_order":0,"comment_status":"closed","ping_status":"closed","template":"","meta":{"footnotes":""},"class_list":["post-199","page","type-page","status-publish","hentry"],"featured_media_urls":[],"_links":{"self":[{"href":"https:\/\/agformation-guadeloupe.fr\/index.php?rest_route=\/wp\/v2\/pages\/199","targetHints":{"allow":["GET"]}}],"collection":[{"href":"https:\/\/agformation-guadeloupe.fr\/index.php?rest_route=\/wp\/v2\/pages"}],"about":[{"href":"https:\/\/agformation-guadeloupe.fr\/index.php?rest_route=\/wp\/v2\/types\/page"}],"author":[{"embeddable":true,"href":"https:\/\/agformation-guadeloupe.fr\/index.php?rest_route=\/wp\/v2\/users\/1"}],"replies":[{"embeddable":true,"href":"https:\/\/agformation-guadeloupe.fr\/index.php?rest_route=%2Fwp%2Fv2%2Fcomments&post=199"}],"version-history":[{"count":7,"href":"https:\/\/agformation-guadeloupe.fr\/index.php?rest_route=\/wp\/v2\/pages\/199\/revisions"}],"predecessor-version":[{"id":209,"href":"https:\/\/agformation-guadeloupe.fr\/index.php?rest_route=\/wp\/v2\/pages\/199\/revisions\/209"}],"wp:attachment":[{"href":"https:\/\/agformation-guadeloupe.fr\/index.php?rest_route=%2Fwp%2Fv2%2Fmedia&parent=199"}],"curies":[{"name":"wp","href":"https:\/\/api.w.org\/{rel}","templated":true}]}}