{"id":224,"date":"2025-12-21T16:45:23","date_gmt":"2025-12-21T16:45:23","guid":{"rendered":"https:\/\/agformation-guadeloupe.fr\/?page_id=224"},"modified":"2025-12-21T16:45:23","modified_gmt":"2025-12-21T16:45:23","slug":"organisation-des-prestations-en-presentiel","status":"publish","type":"page","link":"https:\/\/agformation-guadeloupe.fr\/?page_id=224","title":{"rendered":"Organisation des prestations en pr\u00e9sentiel"},"content":{"rendered":"\n<p>A.G Formation Guadeloupe propose des prestations en pr\u00e9sentiel, r\u00e9alis\u00e9es directement au sein des \u00e9tablissements ou des structures concern\u00e9es.<\/p>\n\n\n\n<p>Ces prestations reposent sur une approche personnalis\u00e9e, fond\u00e9e sur l\u2019analyse des besoins, l\u2019\u00e9change avec la direction et les \u00e9quipes, ainsi que la prise en compte du contexte sp\u00e9cifique de chaque structure.<\/p>\n\n\n\n<hr class=\"wp-block-separator has-alpha-channel-opacity\"\/>\n\n\n\n<h3 class=\"wp-block-heading\">\ud83d\udccc Analyse des besoins<\/h3>\n\n\n\n<p>Avant toute intervention, un temps d\u2019\u00e9change est organis\u00e9 avec la direction et\/ou les responsables concern\u00e9s afin d\u2019identifier les besoins, les attentes et les objectifs de la prestation.<\/p>\n\n\n\n<p>Cette phase permet de d\u00e9finir un accompagnement adapt\u00e9, en lien avec les enjeux organisationnels, r\u00e9glementaires et professionnels.<\/p>\n\n\n\n<hr class=\"wp-block-separator has-alpha-channel-opacity\"\/>\n\n\n\n<h3 class=\"wp-block-heading\">\ud83d\udccc Modalit\u00e9s d\u2019intervention<\/h3>\n\n\n\n<p>Les prestations en pr\u00e9sentiel peuvent comprendre, selon les besoins identifi\u00e9s :<\/p>\n\n\n\n<ul class=\"wp-block-list\">\n<li>des audits ou \u00e9valuations de pratiques<\/li>\n\n\n\n<li>des actions de formation cibl\u00e9es<\/li>\n\n\n\n<li>des temps d\u2019accompagnement et de conseil<\/li>\n\n\n\n<li>des \u00e9changes avec les \u00e9quipes et les encadrants<\/li>\n<\/ul>\n\n\n\n<p>Les modalit\u00e9s d\u2019intervention (dur\u00e9e, contenu, organisation) sont d\u00e9finies <strong>sur mesure<\/strong>, en concertation avec la structure.<\/p>\n\n\n\n<hr class=\"wp-block-separator has-alpha-channel-opacity\"\/>\n\n\n\n<h3 class=\"wp-block-heading\">\ud83d\udccc D\u00e9placement et cadre d\u2019intervention<\/h3>\n\n\n\n<p>A.G Formation Guadeloupe se d\u00e9place directement au sein des \u00e9tablissements, dans le respect des contraintes organisationnelles et du fonctionnement des \u00e9quipes.<\/p>\n\n\n\n<p>Les interventions sont r\u00e9alis\u00e9es dans un cadre professionnel, confidentiel et respectueux des pratiques et des valeurs des structures accompagn\u00e9es.<\/p>\n\n\n\n<hr class=\"wp-block-separator has-alpha-channel-opacity\"\/>\n\n\n\n<h3 class=\"wp-block-heading\">\ud83d\udccc Suivi et accompagnement<\/h3>\n\n\n\n<p>Selon la nature de la prestation, un suivi peut \u00eatre propos\u00e9 afin d\u2019accompagner la mise en \u0153uvre des actions engag\u00e9es et de favoriser leur p\u00e9rennit\u00e9.<\/p>\n","protected":false},"excerpt":{"rendered":"<p>A.G Formation Guadeloupe propose des prestations en pr\u00e9sentiel, r\u00e9alis\u00e9es directement au sein des \u00e9tablissements ou des structures concern\u00e9es. Ces prestations reposent sur une approche personnalis\u00e9e, fond\u00e9e sur l\u2019analyse des besoins, l\u2019\u00e9change avec la direction et les \u00e9quipes, ainsi que la prise en compte du contexte sp\u00e9cifique de chaque structure. \ud83d\udccc Analyse des besoins Avant toute &hellip; <\/p>\n<p class=\"link-more\"><a href=\"https:\/\/agformation-guadeloupe.fr\/?page_id=224\" class=\"more-link\">Lire la suite de<span class=\"screen-reader-text\">\u00ab\u00a0Organisation des prestations en pr\u00e9sentiel\u00a0\u00bb<\/span><\/a><\/p>\n","protected":false},"author":1,"featured_media":0,"parent":0,"menu_order":0,"comment_status":"closed","ping_status":"closed","template":"","meta":{"footnotes":""},"class_list":["post-224","page","type-page","status-publish","hentry"],"featured_media_urls":[],"_links":{"self":[{"href":"https:\/\/agformation-guadeloupe.fr\/index.php?rest_route=\/wp\/v2\/pages\/224","targetHints":{"allow":["GET"]}}],"collection":[{"href":"https:\/\/agformation-guadeloupe.fr\/index.php?rest_route=\/wp\/v2\/pages"}],"about":[{"href":"https:\/\/agformation-guadeloupe.fr\/index.php?rest_route=\/wp\/v2\/types\/page"}],"author":[{"embeddable":true,"href":"https:\/\/agformation-guadeloupe.fr\/index.php?rest_route=\/wp\/v2\/users\/1"}],"replies":[{"embeddable":true,"href":"https:\/\/agformation-guadeloupe.fr\/index.php?rest_route=%2Fwp%2Fv2%2Fcomments&post=224"}],"version-history":[{"count":1,"href":"https:\/\/agformation-guadeloupe.fr\/index.php?rest_route=\/wp\/v2\/pages\/224\/revisions"}],"predecessor-version":[{"id":225,"href":"https:\/\/agformation-guadeloupe.fr\/index.php?rest_route=\/wp\/v2\/pages\/224\/revisions\/225"}],"wp:attachment":[{"href":"https:\/\/agformation-guadeloupe.fr\/index.php?rest_route=%2Fwp%2Fv2%2Fmedia&parent=224"}],"curies":[{"name":"wp","href":"https:\/\/api.w.org\/{rel}","templated":true}]}}