{"id":273,"date":"2026-01-05T00:16:28","date_gmt":"2026-01-05T00:16:28","guid":{"rendered":"https:\/\/agformation-guadeloupe.fr\/?page_id=273"},"modified":"2026-02-14T00:19:06","modified_gmt":"2026-02-14T00:19:06","slug":"preparation-aux-epreuves-de-selection-dentree-en-ifsi-formation-professionnelle-hors-parcoursup","status":"publish","type":"page","link":"https:\/\/agformation-guadeloupe.fr\/?page_id=273","title":{"rendered":"Pr\u00e9paration aux \u00e9preuves de s\u00e9lection d\u2019entr\u00e9e en IFSI \u2013 Formation professionnelle (Hors Parcoursup)"},"content":{"rendered":"\t\t<div data-elementor-type=\"wp-page\" data-elementor-id=\"273\" class=\"elementor elementor-273\">\n\t\t\t\t<div class=\"elementor-element elementor-element-c6222c9 e-flex e-con-boxed e-con e-parent\" data-id=\"c6222c9\" data-element_type=\"container\" data-e-type=\"container\">\n\t\t\t\t\t<div class=\"e-con-inner\">\n\t\t\t\t<div class=\"elementor-element elementor-element-82472f5 elementor-widget elementor-widget-wpzoom-elementor-addons-image-box\" data-id=\"82472f5\" data-element_type=\"widget\" data-e-type=\"widget\" data-widget_type=\"wpzoom-elementor-addons-image-box.default\">\n\t\t\t\t<div class=\"elementor-widget-container\">\n\t\t\t\t\t\t\t<div class=\"wpzoom-elementor-addons-image-box\">\n\t\t\t<h3>\n\t\t\t\t<span class=\"wpzoom-elementor-addons-image-box-link not-linked has-image\" style=\"background-image:url('https:\/\/agformation-guadeloupe.fr\/wp-content\/uploads\/2026\/01\/page-tunnel-de-vente.png');\"><span><\/span><\/span>\t\t\t<\/h3>\n\t\t<\/div><!-- \/\/.wpzoom-elementor-addons-image-box -->\n\t\t\t\t\t\t<\/div>\n\t\t\t\t<\/div>\n\t\t\t\t\t<\/div>\n\t\t\t\t<\/div>\n\t\t<div class=\"elementor-element elementor-element-425f976 e-flex e-con-boxed e-con e-parent\" data-id=\"425f976\" data-element_type=\"container\" data-e-type=\"container\">\n\t\t\t\t\t<div class=\"e-con-inner\">\n\t\t\t\t<div class=\"elementor-element elementor-element-4367e16 elementor-widget elementor-widget-video\" data-id=\"4367e16\" data-element_type=\"widget\" data-e-type=\"widget\" data-settings=\"{&quot;video_type&quot;:&quot;hosted&quot;,&quot;controls&quot;:&quot;yes&quot;}\" data-widget_type=\"video.default\">\n\t\t\t\t\t\t\t<div class=\"e-hosted-video elementor-wrapper elementor-open-inline\">\n\t\t\t\t\t<video class=\"elementor-video\" src=\"https:\/\/agformation-guadeloupe.fr\/wp-content\/uploads\/2026\/01\/Video-concours-dentree-IFSI-31-juillet-2009-3.mp4\" controls=\"\" preload=\"metadata\" controlsList=\"nodownload\" poster=\"https:\/\/agformation-guadeloupe.fr\/wp-content\/uploads\/2026\/01\/Poster-page-vitrine-.png\"><\/video>\n\t\t\t\t<\/div>\n\t\t\t\t\t\t<\/div>\n\t\t\t\t<div class=\"elementor-element elementor-element-3b54a3e elementor-button-success elementor-align-center elementor-widget elementor-widget-button\" data-id=\"3b54a3e\" data-element_type=\"widget\" data-e-type=\"widget\" data-widget_type=\"button.default\">\n\t\t\t\t\t\t\t\t\t\t<a class=\"elementor-button elementor-button-link elementor-size-sm\" href=\"https:\/\/www.legifrance.gouv.fr\/loda\/id\/JORFTEXT000020961044\/2026-01-18\">\n\t\t\t\t\t\t<span class=\"elementor-button-content-wrapper\">\n\t\t\t\t\t\t\t\t\t<span class=\"elementor-button-text\">Arr\u00eat\u00e9 du 31 juillet 2009 relatif au dipl\u00f4me d'Etat d'infirmier<\/span>\n\t\t\t\t\t<\/span>\n\t\t\t\t\t<\/a>\n\t\t\t\t\t\t\t\t<\/div>\n\t\t\t\t<div class=\"elementor-element elementor-element-2d2bf25 elementor-button-info elementor-align-center elementor-widget__width-initial elementor-widget elementor-widget-button\" data-id=\"2d2bf25\" data-element_type=\"widget\" data-e-type=\"widget\" data-widget_type=\"button.default\">\n\t\t\t\t\t\t\t\t\t\t<a class=\"elementor-button elementor-size-sm\" role=\"button\">\n\t\t\t\t\t\t<span class=\"elementor-button-content-wrapper\">\n\t\t\t\t\t\t\t\t\t<span class=\"elementor-button-text\">Formulaire d'inscription accessible du 4 mai 2026 au 10 ao\u00fbt 2026<\/span>\n\t\t\t\t\t<\/span>\n\t\t\t\t\t<\/a>\n\t\t\t\t\t\t\t\t<\/div>\n\t\t\t\t<div class=\"elementor-element elementor-element-2562d93 elementor-widget elementor-widget-text-editor\" data-id=\"2562d93\" data-element_type=\"widget\" data-e-type=\"widget\" data-widget_type=\"text-editor.default\">\n\t\t\t\t\t\t\t\t\t<p><img decoding=\"async\" class=\"emoji\" role=\"img\" draggable=\"false\" src=\"https:\/\/s.w.org\/images\/core\/emoji\/17.0.2\/svg\/1f393.svg\" alt=\"\ud83c\udf93\" \/> <span style=\"text-decoration: underline;\"><strong>Pr\u00e9sentation\u00a0<\/strong><\/span><\/p><p style=\"margin: 0in; margin-left: .375in; font-family: 'Times New Roman'; font-size: 12.0pt;\">Cette formation a pour objectif d\u2019accompagner les candidats relevant de la formation professionnelle dans la pr\u00e9paration aux \u00e9preuves de s\u00e9lection d\u2019entr\u00e9e en Institut de Formation en Soins Infirmiers (IFSI), hors Parcoursup.<\/p><p style=\"margin: 0in; margin-left: .375in; font-family: 'Times New Roman'; font-size: 12.0pt;\">Elle propose une pr\u00e9paration structur\u00e9e aux \u00e9preuves \u00e9crites et orales, un renforcement m\u00e9thodologique ainsi qu\u2019un accompagnement p\u00e9dagogique visant \u00e0 s\u00e9curiser le projet d\u2019entr\u00e9e en formation en soins infirmiers.<\/p><p><img decoding=\"async\" class=\"emoji\" role=\"img\" draggable=\"false\" src=\"https:\/\/s.w.org\/images\/core\/emoji\/17.0.2\/svg\/1f3af.svg\" alt=\"\ud83c\udfaf\" \/> <strong><span style=\"text-decoration: underline;\">Objectifs p\u00e9dagogiques<\/span><\/strong><\/p><ul style=\"direction: ltr; unicode-bidi: embed; margin-top: 0in; margin-bottom: 0in;\" type=\"disc\"><li style=\"margin-top: 0; margin-bottom: 0; vertical-align: middle;\"><span style=\"font-family: 'Times New Roman'; font-size: 12.0pt;\"><strong data-end=\"329\" data-start=\"315\">Identifier<\/strong> les attentes et les responsabilit\u00e9s du m\u00e9tier d\u2019infirmier et <strong data-end=\"402\" data-start=\"391\">d\u00e9crire<\/strong> les \u00e9tapes du parcours de l\u2019\u00e9tudiant en IFSI.<\/span><\/li><li style=\"margin-top: 0; margin-bottom: 0; vertical-align: middle;\"><span style=\"font-family: 'Times New Roman'; font-size: 12.0pt;\"><strong data-end=\"465\" data-start=\"453\">R\u00e9soudre<\/strong> des exercices de math\u00e9matiques, de raisonnement et de logique propres aux \u00e9preuves de s\u00e9lection.<\/span><\/li><li style=\"margin-top: 0; margin-bottom: 0; vertical-align: middle;\"><span style=\"font-family: 'Times New Roman'; font-size: 12.0pt;\"><strong data-end=\"579\" data-start=\"567\">Analyser<\/strong> un texte ou une question \u00e0 caract\u00e8re sanitaire et social et <strong data-end=\"652\" data-start=\"640\">produire<\/strong> une synth\u00e8se et\/ou une r\u00e9flexion structur\u00e9e.<\/span><\/li><li style=\"margin-top: 0; margin-bottom: 0; vertical-align: middle;\"><span style=\"font-family: 'Times New Roman'; font-size: 12.0pt;\"><strong data-end=\"715\" data-start=\"702\">Am\u00e9liorer<\/strong> son expression \u00e9crite (clart\u00e9, structure, orthographe). <\/span><\/li><li style=\"margin-top: 0; margin-bottom: 0; vertical-align: middle;\"><span style=\"font-family: 'Times New Roman'; font-size: 12.0pt;\"><strong data-end=\"789\" data-start=\"776\">Pr\u00e9senter<\/strong> oralement son projet professionnel avec aisance et <strong data-end=\"853\" data-start=\"841\">r\u00e9pondre<\/strong> aux questions d\u2019un jury.<\/span><\/li><\/ul><p><strong><img decoding=\"async\" class=\"emoji\" role=\"img\" draggable=\"false\" src=\"https:\/\/s.w.org\/images\/core\/emoji\/17.0.2\/svg\/1f465.svg\" alt=\"\ud83d\udc65\" \/> <span style=\"text-decoration: underline;\">Public concern\u00e9<\/span><\/strong><\/p><p style=\"margin: 0in; font-family: 'Times New Roman'; font-size: 12.0pt;\">Cette formation s\u2019adresse aux personnes souhaitant se pr\u00e9senter aux \u00e9preuves de s\u00e9lection d\u2019entr\u00e9e en Institut de Formation en Soins Infirmiers (IFSI), hors Parcoursup, dans le cadre d\u2019un projet personnel ou de reconversion.<\/p><p style=\"margin: 0in; font-family: 'Times New Roman'; font-size: 12.0pt;\">L\u2019acc\u00e8s aux \u00e9preuves de s\u00e9lection en IFSI est soumis \u00e0 des conditions d\u00e9finies par les \u00e9tablissements de formation et par la r\u00e9glementation en vigueur. La pr\u00e9sente formation a pour objet d\u2019accompagner les candidats dans leur pr\u00e9paration, sans se substituer aux conditions d\u2019admission fix\u00e9es par les IFSI.<\/p><p><strong><img decoding=\"async\" class=\"emoji\" role=\"img\" draggable=\"false\" src=\"https:\/\/s.w.org\/images\/core\/emoji\/17.0.2\/svg\/1f9fe.svg\" alt=\"\ud83e\uddfe\" \/> <span style=\"text-decoration: underline;\">Pr\u00e9requis<\/span><\/strong><\/p><p style=\"margin: 0in; margin-left: .375in; font-family: 'Times New Roman'; font-size: 12.0pt;\">Aucun pr\u00e9requis n\u2019est n\u00e9cessaire pour suivre cette formation.<\/p><p style=\"margin: 0in; margin-left: .375in; font-family: 'Times New Roman'; font-size: 12.0pt;\">\u00c0 noter : l\u2019acc\u00e8s aux \u00e9preuves de s\u00e9lection IFSI reste soumis aux conditions fix\u00e9es par les \u00e9tablissements de formation. <br \/><em><span style=\"text-decoration: underline;\">Pr\u00e9requis techniques<\/span><\/em> : l\u2019acc\u00e8s \u00e0 la formation n\u00e9cessite un \u00e9quipement informatique permettant la consultation de contenus num\u00e9riques (ordinateur, tablette ou smartphone) ainsi qu\u2019une connexion internet.<br data-end=\"569\" data-start=\"566\" \/>Pour une exp\u00e9rience d\u2019apprentissage optimale, l\u2019utilisation d\u2019un <strong data-end=\"650\" data-start=\"636\">ordinateur<\/strong> est recommand\u00e9e.<\/p><p><strong><img decoding=\"async\" class=\"emoji\" role=\"img\" draggable=\"false\" src=\"https:\/\/s.w.org\/images\/core\/emoji\/17.0.2\/svg\/1f4d8.svg\" alt=\"\ud83d\udcd8\" \/><span style=\"text-decoration: underline;\">Modalit\u00e9s p\u00e9dagogiques<\/span><\/strong><\/p><ul style=\"direction: ltr; unicode-bidi: embed; margin-top: 0in; margin-bottom: 0in;\" type=\"disc\"><li style=\"margin-top: 0; margin-bottom: 0; vertical-align: middle;\"><span style=\"font-family: 'Times New Roman'; font-size: 12.0pt;\">Formation 100 % en e-learning, accessible 24h\/24 et 7j\/7<\/span><\/li><li style=\"margin-top: 0; margin-bottom: 0; vertical-align: middle;\"><span style=\"font-family: 'Times New Roman'; font-size: 12.0pt;\">Plateforme de formation s\u00e9curis\u00e9e<\/span><\/li><li style=\"margin-top: 0; margin-bottom: 0; vertical-align: middle;\"><span style=\"font-family: 'Times New Roman'; font-size: 12.0pt;\">Progression p\u00e9dagogique structur\u00e9e<\/span><\/li><li style=\"margin-top: 0; margin-bottom: 0; vertical-align: middle;\"><span style=\"font-family: 'Times New Roman'; font-size: 12.0pt;\">Apports th\u00e9oriques, exercices d\u2019entra\u00eenement et mises en situation<\/span><\/li><li style=\"margin-top: 0; margin-bottom: 0; vertical-align: middle;\"><span style=\"font-family: 'Times New Roman'; font-size: 12.0pt;\">Accompagnement p\u00e9dagogique \u00e0 distance<\/span><\/li><\/ul><p><strong><img decoding=\"async\" class=\"emoji\" role=\"img\" draggable=\"false\" src=\"https:\/\/s.w.org\/images\/core\/emoji\/17.0.2\/svg\/1f4d8.svg\" alt=\"\ud83d\udcd8\" \/> <span style=\"text-decoration: underline;\">Programme<\/span><\/strong><\/p><p><span style=\"font-family: 'Times New Roman'; font-size: 12pt;\"><strong>Module 1 &#8211; Bien d\u00e9marrer la formation<\/strong> (10 minutes)<\/span><\/p><p><span style=\"font-family: 'Times New Roman'; font-size: 12pt;\"><strong>Module 2 &#8211; Entrer en IFSI : s\u00e9lection, attentes et r\u00e9alit\u00e9s<\/strong> (15 minutes)<\/span><\/p><p><span style=\"font-family: 'Times New Roman'; font-size: 12pt;\"><strong>Module 3 &#8211; AG Math\u00e9matiques<\/strong> (7h)<\/span><\/p><ul><li><span style=\"font-family: 'Times New Roman'; font-size: 12pt;\">Cours et \u00e9valuations : calculs de base ; \u00e9quations simples ; fractions ; pourcentages ; r\u00e8gle de 3 ; conversions ; moyenne, dur\u00e9e, d\u00e9bit, logique ; g\u00e9om\u00e9trie.<\/span><\/li><\/ul><p><span style=\"font-family: 'Times New Roman'; font-size: 12pt;\"><strong>Module 4 &#8211; AG Fran\u00e7ais<\/strong> (6h)<\/span><\/p><ul><li><span style=\"font-family: 'Times New Roman'; font-size: 12pt;\">Compr\u00e9hension de texte, analyse de texte, r\u00e9daction courte : m\u00e9thodologie, sujet d&rsquo;entrainement.\u00a0<\/span><\/li><\/ul><p><span style=\"font-family: 'Times New Roman'; font-size: 12pt;\"><strong>Module 5 &#8211; AG Oral<\/strong> (6h)<\/span><\/p><ul><li><span style=\"font-family: 'Times New Roman'; font-size: 12pt;\">Epreuve orale : d\u00e9roulement, posture \u00e0 adopter , exercices pratiques<\/span><\/li><li><span style=\"font-family: 'Times New Roman'; font-size: 12pt;\">Une session d&rsquo;entrainement \u00e0 l&rsquo;\u00e9preuve orale<\/span><\/li><\/ul><p><span style=\"font-family: 'Times New Roman'; font-size: 12pt;\"><strong>Module 6 &#8211; Synth\u00e8se<\/strong> (10 minutes)<\/span><\/p><ul><li><span style=\"font-family: 'Times New Roman'; font-size: 12pt;\">Fin de formation et questionnaire de satisfaction<\/span><\/li><\/ul><p><strong><img decoding=\"async\" class=\"emoji\" role=\"img\" draggable=\"false\" src=\"https:\/\/s.w.org\/images\/core\/emoji\/17.0.2\/svg\/1f9e9.svg\" alt=\"\ud83e\udde9\" \/> <span style=\"text-decoration: underline;\">Moyens p\u00e9dagogiques<\/span><\/strong><\/p><ul style=\"direction: ltr; unicode-bidi: embed; margin-top: 0in; margin-bottom: 0in;\" type=\"disc\"><li style=\"margin-top: 0; margin-bottom: 0; vertical-align: middle;\"><span style=\"font-family: 'Times New Roman'; font-size: 12.0pt;\">Vid\u00e9os p\u00e9dagogiques<\/span><\/li><li style=\"margin-top: 0; margin-bottom: 0; vertical-align: middle;\"><span style=\"font-family: 'Times New Roman'; font-size: 12.0pt;\">Fiches de cours et supports num\u00e9riques<\/span><\/li><li style=\"margin-top: 0; margin-bottom: 0; vertical-align: middle;\"><span style=\"font-family: 'Times New Roman'; font-size: 12.0pt;\">Exercices et \u00e9valuations corrig\u00e9es<\/span><\/li><li style=\"margin-top: 0; margin-bottom: 0; vertical-align: middle;\"><span style=\"font-family: 'Times New Roman'; font-size: 12.0pt;\">Mises en situation et entra\u00eenements<\/span><\/li><\/ul><p><strong><img decoding=\"async\" class=\"emoji\" role=\"img\" draggable=\"false\" src=\"https:\/\/s.w.org\/images\/core\/emoji\/17.0.2\/svg\/1f9fe.svg\" alt=\"\ud83e\uddfe\" \/> <span style=\"text-decoration: underline;\">Modalit\u00e9s de suivi et d&rsquo;\u00e9valuation<\/span><\/strong><\/p><ul style=\"direction: ltr; unicode-bidi: embed; margin-top: 0in; margin-bottom: 0in;\" type=\"disc\"><li style=\"margin-top: 0; margin-bottom: 0; vertical-align: middle;\"><span style=\"font-family: 'Times New Roman'; font-size: 12.0pt;\">Suivi de la progression via la plateforme<\/span><\/li><li style=\"margin-top: 0; margin-bottom: 0; vertical-align: middle;\"><span style=\"font-family: 'Times New Roman'; font-size: 12.0pt;\">\u00c9valuations formatives tout au long de la formation\u00a0<\/span><\/li><li style=\"margin-top: 0; margin-bottom: 0; vertical-align: middle;\"><span style=\"font-family: 'Times New Roman'; font-size: 12.0pt;\">Examens blancs<\/span><\/li><li style=\"margin-top: 0; margin-bottom: 0; vertical-align: middle;\"><span style=\"font-family: 'Times New Roman'; font-size: 12.0pt;\">Mises en situation orales avec grille d\u2019\u00e9valuation crit\u00e9ri\u00e9e\u00a0<\/span><\/li><li style=\"margin-top: 0; margin-bottom: 0; vertical-align: middle;\"><span style=\"font-family: 'Times New Roman'; font-size: 12.0pt;\">Questionnaire de satisfaction en fin de formation<\/span><\/li><\/ul><p><span style=\"font-family: 'Times New Roman'; font-size: 12.0pt;\">Les corrections des exercices et \u00e9valuations sont r\u00e9alis\u00e9es par la responsable p\u00e9dagogique, infirmi\u00e8re dipl\u00f4m\u00e9e d&rsquo;Etat et cadre de sant\u00e9, garantissant un accompagnement personnalit\u00e9 et des retours p\u00e9dagogiques de qualit\u00e9s. Les \u00e9valuations sont interpr\u00e9t\u00e9es au regard des exigences du concours. Toute note inf\u00e9rieure \u00e0 8\/20 est consid\u00e9r\u00e9e comme insuffisante et n\u00e9cessite un renforcement. Les \u00e9valuations permettent d\u2019appr\u00e9cier la progression du b\u00e9n\u00e9ficiaire et sa pr\u00e9paration aux \u00e9preuves de s\u00e9lection.<\/span><\/p><p><strong><img decoding=\"async\" class=\"emoji\" role=\"img\" draggable=\"false\" src=\"https:\/\/s.w.org\/images\/core\/emoji\/17.0.2\/svg\/23f1.svg\" alt=\"\u23f1\ufe0f\" \/> <span style=\"text-decoration: underline;\">Dur\u00e9e, Format, Lieu\u00a0<\/span><\/strong><\/p><ul style=\"direction: ltr; unicode-bidi: embed; margin-top: 0in; margin-bottom: 0in;\" type=\"disc\"><li style=\"margin-top: 0; margin-bottom: 0; vertical-align: middle;\"><span style=\"font-family: 'Times New Roman'; font-size: 12.0pt;\">Dur\u00e9e indicative : Pr\u00e9paration compl\u00e8te comprenant environ <strong data-start=\"1815\" data-end=\"1851\">20 heures de contenu p\u00e9dagogique<\/strong>, auxquelles s\u2019ajoutent le temps personnel de travail (exercices, r\u00e9visions, \u00e9valuations), soit <strong data-start=\"1955\" data-end=\"2035\">un volume global estim\u00e9 entre 40 et 60 heures selon le profil de l\u2019apprenant<\/strong>.<\/span><\/li><li style=\"margin-top: 0; margin-bottom: 0; vertical-align: middle;\"><span style=\"font-family: 'Times New Roman'; font-size: 12.0pt;\">Formation dispens\u00e9e <\/span><span style=\"font-weight: bold; font-family: 'Times New Roman'; font-size: 12.0pt;\">\u00e0 distance, en e-learning<\/span><\/li><li style=\"margin-top: 0; margin-bottom: 0; vertical-align: middle;\"><span style=\"font-family: 'Times New Roman'; font-size: 12.0pt;\">Acc\u00e8s individuel et personnel \u00e0 la plateforme<\/span><\/li><\/ul><p data-start=\"1221\" data-end=\"1357\"><strong><img decoding=\"async\" class=\"emoji\" role=\"img\" draggable=\"false\" src=\"https:\/\/s.w.org\/images\/core\/emoji\/17.0.2\/svg\/1f4b3.svg\" alt=\"\ud83d\udcb3\" \/> <span style=\"text-decoration: underline;\">Tarifs<\/span><\/strong><\/p><p style=\"margin: 0in; font-family: 'Times New Roman'; font-size: 12.0pt;\"><span style=\"font-weight: bold;\">Formule propos\u00e9e :<\/span><\/p><ul style=\"direction: ltr; unicode-bidi: embed; margin-top: 0in; margin-bottom: 0in;\" type=\"disc\"><li style=\"margin-top: 0; margin-bottom: 0; vertical-align: middle;\"><span style=\"font-family: 'Times New Roman'; font-size: 12.0pt;\">Offre Confort \u2013 Acc\u00e8s 6 mois : 499 \u20ac TTC<br \/><em><img decoding=\"async\" class=\"emoji\" role=\"img\" draggable=\"false\" src=\"https:\/\/s.w.org\/images\/core\/emoji\/17.0.2\/svg\/1f449.svg\" alt=\"\ud83d\udc49\" \/> Recommand\u00e9e pour les candidats se pr\u00e9sentant aux \u00e9preuves en <strong data-start=\"566\" data-end=\"574\">2027<\/strong>.<\/em><\/span><\/li><\/ul><p style=\"margin: 0in; margin-left: .375in; font-family: 'Times New Roman'; font-size: 12.0pt;\"><img decoding=\"async\" class=\"emoji\" role=\"img\" draggable=\"false\" src=\"https:\/\/s.w.org\/images\/core\/emoji\/17.0.2\/svg\/1f4b3.svg\" alt=\"\ud83d\udcb3\" \/> <strong data-start=\"781\" data-end=\"823\">Paiement en plusieurs fois disponible.<\/strong><br \/>Les modalit\u00e9s d\u00e9taill\u00e9es et le choix de l\u2019offre s\u2019effectuent lors de la validation de l\u2019inscription en ligne.<\/p><p data-start=\"1221\" data-end=\"1357\"><strong><img decoding=\"async\" class=\"emoji\" role=\"img\" draggable=\"false\" src=\"https:\/\/s.w.org\/images\/core\/emoji\/17.0.2\/svg\/1f510.svg\" alt=\"\ud83d\udd10\" \/> <span style=\"text-decoration: underline;\">Modalit\u00e9s d&rsquo;inscription et documents contractuels<\/span><\/strong><\/p><p style=\"margin: 0in; margin-left: .375in; font-family: 'Times New Roman'; font-size: 12.0pt;\">La demande d\u2019inscription \u00e0 la pr\u00e9pa s\u2019effectue via le <span style=\"text-decoration: underline; color: #ff0000;\"><strong data-start=\"414\" data-end=\"443\">formulaire de candidature<\/strong> disponible en ligne <strong data-start=\"464\" data-end=\"497\">du 4 mai 2026 au 10 ao\u00fbt 2026<\/strong>.<\/span><\/p><p style=\"margin: 0in; margin-left: .375in; font-family: 'Times New Roman'; font-size: 12.0pt;\">Apr\u00e8s \u00e9tude et validation de la demande par l\u2019organisme de formation, un <strong data-start=\"573\" data-end=\"624\">contrat de formation est transmis \u00e0 l\u2019apprenant<\/strong>.<\/p><p style=\"margin: 0in; margin-left: .375in; font-family: 'Times New Roman'; font-size: 12.0pt;\"><span style=\"color: #ff0000;\">Le contrat doit \u00eatre <strong data-start=\"648\" data-end=\"698\">sign\u00e9 et retourn\u00e9 au plus tard le 21 ao\u00fbt 2026<\/strong> afin de confirmer l\u2019inscription<\/span>.<\/p><p style=\"margin: 0in; margin-left: .375in; font-family: 'Times New Roman'; font-size: 12.0pt;\">Conform\u00e9ment \u00e0 la r\u00e9glementation en vigueur, le stagiaire b\u00e9n\u00e9ficie d\u2019un <strong data-start=\"806\" data-end=\"849\">d\u00e9lai de r\u00e9tractation de dix (10) jours<\/strong> \u00e0 compter de la date de signature du contrat.<br data-start=\"895\" data-end=\"898\" \/><strong data-start=\"898\" data-end=\"945\">Aucun paiement n\u2019est exig\u00e9 pendant ce d\u00e9lai<\/strong> et <strong data-start=\"949\" data-end=\"988\">l\u2019acc\u00e8s \u00e0 la formation reste bloqu\u00e9<\/strong>.<\/p><p style=\"margin: 0in; margin-left: .375in; font-family: 'Times New Roman'; font-size: 12.0pt;\">En l\u2019absence de r\u00e9tractation \u00e0 l\u2019issue de ce d\u00e9lai, un <strong data-start=\"1046\" data-end=\"1120\">lien de paiement s\u00e9curis\u00e9 est transmis \u00e0 compter du 1er septembre 2026<\/strong>.<br data-start=\"1121\" data-end=\"1124\" \/>Le r\u00e8glement peut \u00eatre effectu\u00e9 <strong data-start=\"1156\" data-end=\"1184\">en une ou plusieurs fois<\/strong>, selon les modalit\u00e9s propos\u00e9es.<\/p><p style=\"margin: 0in; margin-left: .375in; font-family: 'Times New Roman'; font-size: 12.0pt;\"><strong data-start=\"1218\" data-end=\"1246\">Sous r\u00e9serve de paiement<\/strong>, l\u2019acc\u00e8s \u00e0 la plateforme de formation est activ\u00e9 et demeure <strong data-start=\"1307\" data-end=\"1362\">accessible du 1er septembre 2026 au 28 f\u00e9vrier 2027<\/strong>.<\/p><p><strong>\u267f<span style=\"text-decoration: underline;\"> Accessibilit\u00e9 pour les personnes en situation de handicap<\/span><\/strong><\/p><p style=\"margin: 0in; margin-left: .375in; font-family: 'Times New Roman'; font-size: 12.0pt;\">AG Formation Guadeloupe s\u2019engage \u00e0 favoriser l\u2019accessibilit\u00e9 de ses formations aux personnes en situation de handicap.<br data-start=\"833\" data-end=\"836\" \/>Une \u00e9tude des besoins est r\u00e9alis\u00e9e en amont de l\u2019entr\u00e9e en formation afin de proposer, lorsque cela est possible, des adaptations p\u00e9dagogiques, organisationnelles ou techniques.<br data-start=\"1015\" data-end=\"1018\" \/>Contact r\u00e9f\u00e9rent handicap : <a class=\"decorated-link cursor-pointer\" rel=\"noopener\" data-start=\"1048\" data-end=\"1081\">contact@agformation-guadeloupe.fr<\/a> \/ 06 90 71 52 42<\/p><p data-start=\"1221\" data-end=\"1357\"><strong><img decoding=\"async\" class=\"emoji\" role=\"img\" draggable=\"false\" src=\"https:\/\/s.w.org\/images\/core\/emoji\/17.0.2\/svg\/2696.svg\" alt=\"\u2696\ufe0f\" \/> <span style=\"text-decoration: underline;\">Informations l\u00e9gales importantes<\/span><\/strong><\/p><p style=\"margin: 0in; margin-left: .375in; font-family: 'Times New Roman'; font-size: 12.0pt;\">Cette formation est une pr\u00e9paration aux \u00e9preuves de s\u00e9lection d\u2019entr\u00e9e en IFSI.<\/p><p style=\"margin: 0in; margin-left: .375in; font-family: 'Times New Roman'; font-size: 12.0pt;\">Elle ne constitue pas une formation dipl\u00f4mante et ne garantit pas l\u2019admission en IFSI.<\/p><p style=\"margin: 0in; margin-left: .375in; font-family: 'Times New Roman'; font-size: 12.0pt;\">L\u2019admission reste conditionn\u00e9e aux r\u00e9sultats obtenus par le candidat et aux crit\u00e8res propres aux instituts de formation.<\/p><p style=\"margin: 0in; margin-left: .375in; font-family: 'Times New Roman'; font-size: 12.0pt;\">Formation non \u00e9ligible au CPF.<br \/><em><strong>Cette formation constitue une pr\u00e9paration m\u00e9thodologique et p\u00e9dagogique aux \u00e9preuves de s\u00e9lection.<\/strong><\/em><em><strong><br \/><\/strong><\/em><\/p><p style=\"margin: 0in; margin-left: .375in; font-family: 'Times New Roman'; font-size: 12.0pt;\"><span style=\"color: #008000;\">En cas d\u2019\u00e9volution r\u00e9glementaire, les contenus p\u00e9dagogiques sont susceptibles d\u2019\u00eatre ajust\u00e9s afin de rester conformes aux exigences officielles.<\/span><\/p><p style=\"margin: 0in; font-family: 'Times New Roman'; font-size: 18.0pt;\">\u00a0<\/p>\t\t\t\t\t\t\t\t<\/div>\n\t\t\t\t\t<\/div>\n\t\t\t\t<\/div>\n\t\t\t\t<\/div>\n\t\t","protected":false},"excerpt":{"rendered":"<p>https:\/\/agformation-guadeloupe.fr\/wp-content\/uploads\/2026\/01\/Video-concours-dentree-IFSI-31-juillet-2009-3.mp4 Arr\u00eat\u00e9 du 31 juillet 2009 relatif au dipl\u00f4me d&rsquo;Etat d&rsquo;infirmier Formulaire d&rsquo;inscription accessible du 4 mai 2026 au 10 ao\u00fbt 2026 Pr\u00e9sentation\u00a0 Cette formation a pour objectif d\u2019accompagner les candidats relevant de la formation professionnelle dans la pr\u00e9paration aux \u00e9preuves de s\u00e9lection d\u2019entr\u00e9e en Institut de Formation en Soins Infirmiers (IFSI), hors Parcoursup. Elle &hellip; <\/p>\n<p class=\"link-more\"><a href=\"https:\/\/agformation-guadeloupe.fr\/?page_id=273\" class=\"more-link\">Lire la suite de<span class=\"screen-reader-text\">\u00ab\u00a0Pr\u00e9paration aux \u00e9preuves de s\u00e9lection d\u2019entr\u00e9e en IFSI \u2013 Formation professionnelle (Hors Parcoursup)\u00a0\u00bb<\/span><\/a><\/p>\n","protected":false},"author":1,"featured_media":0,"parent":0,"menu_order":0,"comment_status":"closed","ping_status":"closed","template":"","meta":{"footnotes":""},"class_list":["post-273","page","type-page","status-publish","hentry"],"featured_media_urls":[],"_links":{"self":[{"href":"https:\/\/agformation-guadeloupe.fr\/index.php?rest_route=\/wp\/v2\/pages\/273","targetHints":{"allow":["GET"]}}],"collection":[{"href":"https:\/\/agformation-guadeloupe.fr\/index.php?rest_route=\/wp\/v2\/pages"}],"about":[{"href":"https:\/\/agformation-guadeloupe.fr\/index.php?rest_route=\/wp\/v2\/types\/page"}],"author":[{"embeddable":true,"href":"https:\/\/agformation-guadeloupe.fr\/index.php?rest_route=\/wp\/v2\/users\/1"}],"replies":[{"embeddable":true,"href":"https:\/\/agformation-guadeloupe.fr\/index.php?rest_route=%2Fwp%2Fv2%2Fcomments&post=273"}],"version-history":[{"count":109,"href":"https:\/\/agformation-guadeloupe.fr\/index.php?rest_route=\/wp\/v2\/pages\/273\/revisions"}],"predecessor-version":[{"id":597,"href":"https:\/\/agformation-guadeloupe.fr\/index.php?rest_route=\/wp\/v2\/pages\/273\/revisions\/597"}],"wp:attachment":[{"href":"https:\/\/agformation-guadeloupe.fr\/index.php?rest_route=%2Fwp%2Fv2%2Fmedia&parent=273"}],"curies":[{"name":"wp","href":"https:\/\/api.w.org\/{rel}","templated":true}]}}