{"id":434,"date":"2026-01-24T22:18:53","date_gmt":"2026-01-24T22:18:53","guid":{"rendered":"https:\/\/agformation-guadeloupe.fr\/?page_id=434"},"modified":"2026-01-24T22:18:53","modified_gmt":"2026-01-24T22:18:53","slug":"charte-dengagement-en-faveur-de-laccessibilite-des-personnes-en-situation-de-handicap","status":"publish","type":"page","link":"https:\/\/agformation-guadeloupe.fr\/?page_id=434","title":{"rendered":"CHARTE D\u2019ENGAGEMENT EN FAVEUR DE L\u2019ACCESSIBILIT\u00c9 DES PERSONNES EN SITUATION DE HANDICAP"},"content":{"rendered":"\n<p><strong><u>Article 1\u00a0: Engagement g\u00e9n\u00e9ral<\/u><\/strong><\/p>\n\n\n\n<ol style=\"list-style-type:upper-roman\" class=\"wp-block-list\"><\/ol>\n\n\n\n<p>AG Formation Guadeloupe s\u2019engage \u00e0 favoriser l\u2019accessibilit\u00e9 de ses prestations de formation aux personnes en situation de handicap, dans le respect du cadre r\u00e9glementaire et <strong>dans la limite de ses capacit\u00e9s p\u00e9dagogiques et organisationnelles<\/strong>.<\/p>\n\n\n\n<p>Cet engagement s\u2019inscrit dans une d\u00e9marche de qualit\u00e9, d\u2019\u00e9quit\u00e9 et de prise en compte des besoins sp\u00e9cifiques des b\u00e9n\u00e9ficiaires.<\/p>\n\n\n\n<p><strong><u>Article 2\u00a0: Accueil des personnes en situation de handicap<\/u><\/strong><\/p>\n\n\n\n<ol style=\"list-style-type:upper-roman\" class=\"wp-block-list\"><\/ol>\n\n\n\n<p>AG Formation Guadeloupe accueille les demandes des personnes en situation de handicap sans discrimination.<br>Toute situation de handicap peut \u00eatre signal\u00e9e par le b\u00e9n\u00e9ficiaire <strong>en amont de l\u2019entr\u00e9e en formation ou \u00e0 tout moment du parcours<\/strong>, afin de permettre une \u00e9tude adapt\u00e9e de la demande.<br>Un <strong>r\u00e9f\u00e9rent handicap<\/strong> est d\u00e9sign\u00e9 au sein de l\u2019organisme pour assurer l\u2019information, l\u2019\u00e9change et l\u2019orientation des b\u00e9n\u00e9ficiaires concern\u00e9s.<\/p>\n\n\n\n<p><strong><u>Article 3\u00a0: Etude des besoins<\/u><\/strong><\/p>\n\n\n\n<ol style=\"list-style-type:upper-roman\" class=\"wp-block-list\"><\/ol>\n\n\n\n<p>Les besoins sp\u00e9cifiques des personnes en situation de handicap sont \u00e9tudi\u00e9s <strong>au cas par cas<\/strong>, en lien avec le b\u00e9n\u00e9ficiaire, dans le respect de la confidentialit\u00e9 des informations communiqu\u00e9es.<\/p>\n\n\n\n<p>Cette analyse vise \u00e0 identifier :<\/p>\n\n\n\n<ul class=\"wp-block-list\">\n<li>les \u00e9ventuels besoins sp\u00e9cifiques li\u00e9s \u00e0 la situation de handicap,<\/li>\n\n\n\n<li>les possibilit\u00e9s d\u2019adaptation p\u00e9dagogique ou organisationnelle,<\/li>\n\n\n\n<li>ou la n\u00e9cessit\u00e9 d\u2019une orientation vers des acteurs sp\u00e9cialis\u00e9s.<\/li>\n<\/ul>\n\n\n\n<p><strong><u>Article 4\u00a0: Adaptations p\u00e9dagogiques possibles<\/u><\/strong><\/p>\n\n\n\n<ol style=\"list-style-type:upper-roman\" class=\"wp-block-list\"><\/ol>\n\n\n\n<p>Selon la nature des besoins identifi\u00e9s, AG Formation Guadeloupe peut envisager, lorsque cela est possible, des adaptations p\u00e9dagogiques telles que :<\/p>\n\n\n\n<ul class=\"wp-block-list\">\n<li>l\u2019adaptation des supports p\u00e9dagogiques ;<\/li>\n\n\n\n<li>l\u2019am\u00e9nagement des modalit\u00e9s d\u2019apprentissage ou d\u2019\u00e9valuation ;<\/li>\n\n\n\n<li>l\u2019individualisation du parcours de formation ;<\/li>\n\n\n\n<li>l\u2019adaptation du rythme ou des modalit\u00e9s de formation (pr\u00e9sentiel, distanciel, hybride).<\/li>\n<\/ul>\n\n\n\n<p>Ces adaptations sont propos\u00e9es <strong>sans garantie syst\u00e9matique<\/strong>, et dans le respect des possibilit\u00e9s de l\u2019organisme.<\/p>\n\n\n\n<p><strong><u>Article 5\u00a0: Orientation vers des partenaires sp\u00e9cialis\u00e9s<\/u><\/strong><\/p>\n\n\n\n<p>Lorsque les besoins identifi\u00e9s d\u00e9passent les capacit\u00e9s d\u2019adaptation de l\u2019organisme, AG Formation Guadeloupe s\u2019engage \u00e0 <strong>orienter le b\u00e9n\u00e9ficiaire, avec son accord<\/strong>, vers des partenaires ou acteurs sp\u00e9cialis\u00e9s du champ du handicap (MDPH, Agefiph, Cap Emploi, Ressource Handicap Formation, etc.).<\/p>\n\n\n\n<p>Cette orientation vise \u00e0 favoriser l\u2019acc\u00e8s \u00e0 des solutions adapt\u00e9es et \u00e0 s\u00e9curiser le parcours du b\u00e9n\u00e9ficiaire.<\/p>\n\n\n\n<p><strong><u>Article 6 : Mise en \u0153uvre et suivi<\/u><\/strong><\/p>\n\n\n\n<p>La pr\u00e9sente charte est port\u00e9e par la direction de l\u2019organisme et mise en \u0153uvre par le r\u00e9f\u00e9rent handicap.<br>Elle est accessible aux b\u00e9n\u00e9ficiaires et peut \u00eatre communiqu\u00e9e sur demande.<strong><u><\/u><\/strong><\/p>\n\n\n\n<p class=\"has-text-align-right\"><strong>ABANCOURT Genevi\u00e8ve<\/strong><\/p>\n\n\n\n<p class=\"has-text-align-right\"><em>Responsable de AG Formation Guadeloupe<\/em><\/p>\n\n\n\n<p><\/p>\n","protected":false},"excerpt":{"rendered":"<p>Article 1\u00a0: Engagement g\u00e9n\u00e9ral AG Formation Guadeloupe s\u2019engage \u00e0 favoriser l\u2019accessibilit\u00e9 de ses prestations de formation aux personnes en situation de handicap, dans le respect du cadre r\u00e9glementaire et dans la limite de ses capacit\u00e9s p\u00e9dagogiques et organisationnelles. Cet engagement s\u2019inscrit dans une d\u00e9marche de qualit\u00e9, d\u2019\u00e9quit\u00e9 et de prise en compte des besoins sp\u00e9cifiques &hellip; <\/p>\n<p class=\"link-more\"><a href=\"https:\/\/agformation-guadeloupe.fr\/?page_id=434\" class=\"more-link\">Lire la suite de<span class=\"screen-reader-text\">\u00ab\u00a0CHARTE D\u2019ENGAGEMENT EN FAVEUR DE L\u2019ACCESSIBILIT\u00c9 DES PERSONNES EN SITUATION DE HANDICAP\u00a0\u00bb<\/span><\/a><\/p>\n","protected":false},"author":1,"featured_media":0,"parent":0,"menu_order":0,"comment_status":"closed","ping_status":"closed","template":"","meta":{"footnotes":""},"class_list":["post-434","page","type-page","status-publish","hentry"],"featured_media_urls":[],"_links":{"self":[{"href":"https:\/\/agformation-guadeloupe.fr\/index.php?rest_route=\/wp\/v2\/pages\/434","targetHints":{"allow":["GET"]}}],"collection":[{"href":"https:\/\/agformation-guadeloupe.fr\/index.php?rest_route=\/wp\/v2\/pages"}],"about":[{"href":"https:\/\/agformation-guadeloupe.fr\/index.php?rest_route=\/wp\/v2\/types\/page"}],"author":[{"embeddable":true,"href":"https:\/\/agformation-guadeloupe.fr\/index.php?rest_route=\/wp\/v2\/users\/1"}],"replies":[{"embeddable":true,"href":"https:\/\/agformation-guadeloupe.fr\/index.php?rest_route=%2Fwp%2Fv2%2Fcomments&post=434"}],"version-history":[{"count":1,"href":"https:\/\/agformation-guadeloupe.fr\/index.php?rest_route=\/wp\/v2\/pages\/434\/revisions"}],"predecessor-version":[{"id":435,"href":"https:\/\/agformation-guadeloupe.fr\/index.php?rest_route=\/wp\/v2\/pages\/434\/revisions\/435"}],"wp:attachment":[{"href":"https:\/\/agformation-guadeloupe.fr\/index.php?rest_route=%2Fwp%2Fv2%2Fmedia&parent=434"}],"curies":[{"name":"wp","href":"https:\/\/api.w.org\/{rel}","templated":true}]}}