{"id":465,"date":"2026-01-31T01:27:30","date_gmt":"2026-01-31T01:27:30","guid":{"rendered":"https:\/\/agformation-guadeloupe.fr\/?page_id=465"},"modified":"2026-02-13T01:46:03","modified_gmt":"2026-02-13T01:46:03","slug":"elementor-465","status":"publish","type":"page","link":"https:\/\/agformation-guadeloupe.fr\/?page_id=465","title":{"rendered":"Livret d&rsquo;accueil"},"content":{"rendered":"\n<div data-wp-interactive=\"core\/file\" class=\"wp-block-file\"><object data-wp-bind--hidden=\"!state.hasPdfPreview\" hidden class=\"wp-block-file__embed\" data=\"https:\/\/agformation-guadeloupe.fr\/wp-content\/uploads\/2026\/02\/Livret-daccueil-des-beneficiaires-2.pdf\" type=\"application\/pdf\" style=\"width:100%;height:600px\" aria-label=\"Contenu embarqu\u00e9 Livret d&apos;accueil des b\u00e9n\u00e9ficiaires.\"><\/object><a id=\"wp-block-file--media-da49227d-1eae-4181-a3ee-5fa6499a456b\" href=\"https:\/\/agformation-guadeloupe.fr\/wp-content\/uploads\/2026\/02\/Livret-daccueil-des-beneficiaires-2.pdf\">Livret d&rsquo;accueil des b\u00e9n\u00e9ficiaires<\/a><a href=\"https:\/\/agformation-guadeloupe.fr\/wp-content\/uploads\/2026\/02\/Livret-daccueil-des-beneficiaires-2.pdf\" class=\"wp-block-file__button wp-element-button\" download aria-describedby=\"wp-block-file--media-da49227d-1eae-4181-a3ee-5fa6499a456b\">T\u00e9l\u00e9charger<\/a><\/div>\n","protected":false},"excerpt":{"rendered":"","protected":false},"author":1,"featured_media":0,"parent":0,"menu_order":0,"comment_status":"closed","ping_status":"closed","template":"","meta":{"footnotes":""},"class_list":["post-465","page","type-page","status-publish","hentry"],"featured_media_urls":[],"_links":{"self":[{"href":"https:\/\/agformation-guadeloupe.fr\/index.php?rest_route=\/wp\/v2\/pages\/465","targetHints":{"allow":["GET"]}}],"collection":[{"href":"https:\/\/agformation-guadeloupe.fr\/index.php?rest_route=\/wp\/v2\/pages"}],"about":[{"href":"https:\/\/agformation-guadeloupe.fr\/index.php?rest_route=\/wp\/v2\/types\/page"}],"author":[{"embeddable":true,"href":"https:\/\/agformation-guadeloupe.fr\/index.php?rest_route=\/wp\/v2\/users\/1"}],"replies":[{"embeddable":true,"href":"https:\/\/agformation-guadeloupe.fr\/index.php?rest_route=%2Fwp%2Fv2%2Fcomments&post=465"}],"version-history":[{"count":15,"href":"https:\/\/agformation-guadeloupe.fr\/index.php?rest_route=\/wp\/v2\/pages\/465\/revisions"}],"predecessor-version":[{"id":593,"href":"https:\/\/agformation-guadeloupe.fr\/index.php?rest_route=\/wp\/v2\/pages\/465\/revisions\/593"}],"wp:attachment":[{"href":"https:\/\/agformation-guadeloupe.fr\/index.php?rest_route=%2Fwp%2Fv2%2Fmedia&parent=465"}],"curies":[{"name":"wp","href":"https:\/\/api.w.org\/{rel}","templated":true}]}}