{"id":581,"date":"2026-02-11T18:20:40","date_gmt":"2026-02-11T18:20:40","guid":{"rendered":"https:\/\/agformation-guadeloupe.fr\/?page_id=581"},"modified":"2026-02-11T18:22:05","modified_gmt":"2026-02-11T18:22:05","slug":"reglement-interieur-actions-de-formation-professionnelle","status":"publish","type":"page","link":"https:\/\/agformation-guadeloupe.fr\/?page_id=581","title":{"rendered":"R\u00c8GLEMENT INTERIEUR \u2013 Actions de formation professionnelle"},"content":{"rendered":"\n<p>Le pr\u00e9sent r\u00e8glement int\u00e9rieur est \u00e9tabli conform\u00e9ment aux dispositions des articles L.6352-3 et suivants du Code du travail. Il s\u2019applique exclusivement aux stagiaires participant aux actions de formation professionnelle organis\u00e9es par AG Formation Guadeloupe.<\/p>\n\n\n\n<p>Le pr\u00e9sent r\u00e8glement int\u00e9rieur est port\u00e9 \u00e0 la connaissance des stagiaires pr\u00e9alablement au d\u00e9marrage de la formation et s\u2019impose \u00e0 eux pendant toute la dur\u00e9e de l\u2019action de formation.<\/p>\n\n\n\n<p><strong><u>Article 1 \u2013 Champ d\u2019application<\/u><\/strong><\/p>\n\n\n\n<ol style=\"list-style-type:upper-roman\" class=\"wp-block-list\"><\/ol>\n\n\n\n<p>Le pr\u00e9sent r\u00e8glement s\u2019applique \u00e0 toute personne inscrite en qualit\u00e9 de stagiaire \u00e0 une action de formation professionnelle organis\u00e9e par AG Formation Guadeloupe, en pr\u00e9sentiel ou \u00e0 distance.<\/p>\n\n\n\n<p><strong><u>Article 2 \u2013 Acc\u00e8s aux prestations<\/u><\/strong><\/p>\n\n\n\n<ol style=\"list-style-type:upper-roman\" class=\"wp-block-list\"><\/ol>\n\n\n\n<p>L\u2019inscription \u00e0 une action de formation professionnelle implique le respect du pr\u00e9sent r\u00e8glement int\u00e9rieur pendant toute la dur\u00e9e de la formation.<\/p>\n\n\n\n<p><strong><u>Article 3 \u2013 Organisation et d\u00e9roulement<\/u><\/strong><\/p>\n\n\n\n<ol style=\"list-style-type:upper-roman\" class=\"wp-block-list\"><\/ol>\n\n\n\n<p>Les stagiaires s\u2019engagent \u00e0 :<\/p>\n\n\n\n<ul class=\"wp-block-list\">\n<li>respecter les modalit\u00e9s d\u2019organisation et de d\u00e9roulement communiqu\u00e9es ;<\/li>\n\n\n\n<li>adopter un comportement respectueux \u00e0 l\u2019\u00e9gard des intervenants et des autres participants ;<\/li>\n\n\n\n<li>utiliser les outils, ressources et supports mis \u00e0 disposition conform\u00e9ment \u00e0 leur destination.<\/li>\n<\/ul>\n\n\n\n<p>Lorsque la prestation se d\u00e9roule au sein d\u2019un \u00e9tablissement partenaire ou client, les r\u00e8gles de fonctionnement propres au lieu d\u2019intervention s\u2019appliquent.<\/p>\n\n\n\n<p><strong><u>Article 4 \u2013 Prestations \u00e0 distance et outils num\u00e9riques<\/u><\/strong><\/p>\n\n\n\n<ol style=\"list-style-type:upper-roman\" class=\"wp-block-list\"><\/ol>\n\n\n\n<p>Dans le cadre des prestations r\u00e9alis\u00e9es \u00e0 distance :<\/p>\n\n\n\n<ul class=\"wp-block-list\">\n<li>l\u2019acc\u00e8s aux outils num\u00e9riques et plateformes est personnel et individuel ;<\/li>\n\n\n\n<li>les identifiants de connexion sont strictement confidentiels ;<\/li>\n\n\n\n<li>toute utilisation frauduleuse ou non autoris\u00e9e est interdite.<\/li>\n<\/ul>\n\n\n\n<p>Toute difficult\u00e9 technique doit \u00eatre signal\u00e9e dans les meilleurs d\u00e9lais \u00e0 l\u2019organisme.<\/p>\n\n\n\n<p><strong><u>Article 5 \u2013 Assiduit\u00e9, participation et collaboration<\/u><\/strong><\/p>\n\n\n\n<p>Une participation active et une collaboration constructive sont attendues tout au long de la formation.<\/p>\n\n\n\n<p>Toute difficult\u00e9 susceptible d\u2019affecter le bon d\u00e9roulement (absence, indisponibilit\u00e9, interruption, probl\u00e8me technique) doit \u00eatre signal\u00e9e \u00e0 l\u2019organisme dans les meilleurs d\u00e9lais.<\/p>\n\n\n\n<p><strong><u>Article 6 \u2013 Discipline et comportement<\/u><\/strong><\/p>\n\n\n\n<p>Tout comportement contraire aux r\u00e8gles de respect, de bon fonctionnement ou de s\u00e9curit\u00e9 peut entra\u00eener des mesures adapt\u00e9es, pouvant aller jusqu\u2019\u00e0 l\u2019interruption de la prestation, apr\u00e8s information du stagiaire.<\/p>\n\n\n\n<p>Tout manquement aux r\u00e8gles du pr\u00e9sent r\u00e8glement pourra faire l\u2019objet d\u2019une sanction proportionn\u00e9e, pouvant aller de l\u2019avertissement \u00e0 l\u2019exclusion temporaire ou d\u00e9finitive de la formation.<\/p>\n\n\n\n<p>Aucune sanction ne pourra \u00eatre prononc\u00e9e sans que le stagiaire ait \u00e9t\u00e9 inform\u00e9 des faits qui lui sont reproch\u00e9s et ait \u00e9t\u00e9 mis en mesure de pr\u00e9senter ses observations.<\/p>\n\n\n\n<p><strong><u>Article 7 &#8211; Confidentialit\u00e9<\/u><\/strong><\/p>\n\n\n\n<p>Les stagiaires s\u2019engagent \u00e0 respecter la <strong>confidentialit\u00e9<\/strong> des informations, documents, donn\u00e9es et supports auxquels ils ont acc\u00e8s dans le cadre des prestations propos\u00e9es.<\/p>\n\n\n\n<p><strong><u>Article 8 &#8211; Propri\u00e9t\u00e9 intellectuelle<\/u><\/strong><\/p>\n\n\n\n<p>Les supports, contenus p\u00e9dagogiques, serious games, outils et documents mis \u00e0 disposition restent la <strong>propri\u00e9t\u00e9 exclusive d\u2019AG Formation Guadeloupe<\/strong> et ne peuvent \u00eatre reproduits, diffus\u00e9s ou utilis\u00e9s \u00e0 d\u2019autres fins sans autorisation pr\u00e9alable.<\/p>\n\n\n\n<p><strong><u>Article 9 &#8211; Protection des donn\u00e9es personnelles<\/u><\/strong><\/p>\n\n\n\n<ol style=\"list-style-type:upper-roman\" class=\"wp-block-list\"><\/ol>\n\n\n\n<p>Les donn\u00e9es personnelles collect\u00e9es dans le cadre des prestations sont trait\u00e9es conform\u00e9ment \u00e0 la r\u00e9glementation en vigueur relative \u00e0 la protection des donn\u00e9es personnelles (RGPD).<\/p>\n\n\n\n<p>La <strong>politique de protection des donn\u00e9es<\/strong> est accessible sur le site internet d\u2019AG Formation Guadeloupe<\/p>\n\n\n\n<p><strong><u>Article 10 &#8211; Hygi\u00e8ne, sant\u00e9 et s\u00e9curit\u00e9<\/u><\/strong><\/p>\n\n\n\n<p>Chaque stagiaire doit veiller \u00e0 sa s\u00e9curit\u00e9 personnelle et \u00e0 celle des autres en respectant les consignes g\u00e9n\u00e9rales et particuli\u00e8res applicables dans les locaux o\u00f9 se d\u00e9roule la formation, le cas \u00e9ch\u00e9ant. Lorsque la formation se d\u00e9roule dans les locaux d\u2019une entreprise ou d\u2019un \u00e9tablissement partenaire, les consignes de s\u00e9curit\u00e9 propres \u00e0 ces lieux s\u2019appliquent.<\/p>\n\n\n\n<p><strong><u>Article 11 &#8211; Entr\u00e9e en vigueur<\/u><\/strong><\/p>\n\n\n\n<p>Le pr\u00e9sent r\u00e8glement int\u00e9rieur entre en vigueur \u00e0 compter de sa communication aux stagiaires.<\/p>\n\n\n\n<p><\/p>\n\n\n\n<p><em>Derni\u00e8re mise \u00e0 jour le 11 f\u00e9vrier 2026 \u00e0 14h20.<\/em><\/p>\n","protected":false},"excerpt":{"rendered":"<p>Le pr\u00e9sent r\u00e8glement int\u00e9rieur est \u00e9tabli conform\u00e9ment aux dispositions des articles L.6352-3 et suivants du Code du travail. Il s\u2019applique exclusivement aux stagiaires participant aux actions de formation professionnelle organis\u00e9es par AG Formation Guadeloupe. Le pr\u00e9sent r\u00e8glement int\u00e9rieur est port\u00e9 \u00e0 la connaissance des stagiaires pr\u00e9alablement au d\u00e9marrage de la formation et s\u2019impose \u00e0 eux &hellip; <\/p>\n<p class=\"link-more\"><a href=\"https:\/\/agformation-guadeloupe.fr\/?page_id=581\" class=\"more-link\">Lire la suite de<span class=\"screen-reader-text\">\u00ab\u00a0R\u00c8GLEMENT INTERIEUR \u2013 Actions de formation professionnelle\u00a0\u00bb<\/span><\/a><\/p>\n","protected":false},"author":1,"featured_media":0,"parent":0,"menu_order":0,"comment_status":"closed","ping_status":"closed","template":"","meta":{"footnotes":""},"class_list":["post-581","page","type-page","status-publish","hentry"],"featured_media_urls":[],"_links":{"self":[{"href":"https:\/\/agformation-guadeloupe.fr\/index.php?rest_route=\/wp\/v2\/pages\/581","targetHints":{"allow":["GET"]}}],"collection":[{"href":"https:\/\/agformation-guadeloupe.fr\/index.php?rest_route=\/wp\/v2\/pages"}],"about":[{"href":"https:\/\/agformation-guadeloupe.fr\/index.php?rest_route=\/wp\/v2\/types\/page"}],"author":[{"embeddable":true,"href":"https:\/\/agformation-guadeloupe.fr\/index.php?rest_route=\/wp\/v2\/users\/1"}],"replies":[{"embeddable":true,"href":"https:\/\/agformation-guadeloupe.fr\/index.php?rest_route=%2Fwp%2Fv2%2Fcomments&post=581"}],"version-history":[{"count":3,"href":"https:\/\/agformation-guadeloupe.fr\/index.php?rest_route=\/wp\/v2\/pages\/581\/revisions"}],"predecessor-version":[{"id":585,"href":"https:\/\/agformation-guadeloupe.fr\/index.php?rest_route=\/wp\/v2\/pages\/581\/revisions\/585"}],"wp:attachment":[{"href":"https:\/\/agformation-guadeloupe.fr\/index.php?rest_route=%2Fwp%2Fv2%2Fmedia&parent=581"}],"curies":[{"name":"wp","href":"https:\/\/api.w.org\/{rel}","templated":true}]}}