{"id":627,"date":"2026-03-17T15:49:57","date_gmt":"2026-03-17T15:49:57","guid":{"rendered":"https:\/\/agformation-guadeloupe.fr\/?page_id=627"},"modified":"2026-03-17T23:29:48","modified_gmt":"2026-03-17T23:29:48","slug":"serious-game","status":"publish","type":"page","link":"https:\/\/agformation-guadeloupe.fr\/?page_id=627","title":{"rendered":"Serious Game"},"content":{"rendered":"\n<h2 class=\"wp-block-heading\">\ud83c\udf10 Notre vocation<\/h2>\n\n\n\n<p>Transformer la formation en sant\u00e9 gr\u00e2ce \u00e0 des dispositifs p\u00e9dagogiques innovants, immersifs et ancr\u00e9s dans la r\u00e9alit\u00e9 du terrain.<\/p>\n\n\n\n<hr class=\"wp-block-separator has-alpha-channel-opacity\"\/>\n\n\n\n<h2 class=\"wp-block-heading\">\ud83c\udfae Le serious game en sant\u00e9<\/h2>\n\n\n\n<p>Des modules interactifs permettant de d\u00e9velopper le raisonnement clinique, s\u00e9curiser les pratiques et apprendre par l\u2019exp\u00e9rimentation, sans risque pour le patient.<\/p>\n\n\n\n<hr class=\"wp-block-separator has-alpha-channel-opacity\"\/>\n\n\n\n<h2 class=\"wp-block-heading\">\ud83e\udde0 Une p\u00e9dagogie efficace<\/h2>\n\n\n\n<p>Une approche bas\u00e9e sur l\u2019engagement, l\u2019interactivit\u00e9 et les sciences de l\u2019\u00e9ducation pour des apprentissages concrets, durables et op\u00e9rationnels.<\/p>\n\n\n\n<hr class=\"wp-block-separator has-alpha-channel-opacity\"\/>\n\n\n\n<h2 class=\"wp-block-heading\">\ud83c\udfe5 Des solutions sur mesure<\/h2>\n\n\n\n<p>\ud83c\udfe5 \u00c9tablissements de sant\u00e9, m\u00e9dico-social, IFSI<\/p>\n\n\n\n<p>Nos serious games peuvent \u00eatre con\u00e7us <strong>sur mesure<\/strong>.<\/p>\n\n\n\n<p>\ud83d\udc49 Adapt\u00e9s \u00e0 vos besoins, vos pratiques et vos enjeux terrain (qualit\u00e9, s\u00e9curit\u00e9, certification, mont\u00e9e en comp\u00e9tences).<\/p>\n\n\n\n<hr class=\"wp-block-separator has-alpha-channel-opacity\"\/>\n\n\n\n<h2 class=\"wp-block-heading\">\ud83c\udfaf Acc\u00e9der \u00e0 une d\u00e9mo<\/h2>\n\n\n\n<p>D\u00e9couvrez un extrait de nos modules en conditions r\u00e9elles.<\/p>\n\n\n\n<p>\u2b07\ufe0f <strong>Tester la d\u00e9mo et exp\u00e9rimenter notre approche p\u00e9dagogique<\/strong><\/p>\n\n\n<p><iframe src='\/wp-content\/uploads\/articulate_uploads\/scorm-genially-PS1\/genially.html' width='100%' height='600px' frameborder='0' scrolling='no' title='e-learning content'><\/iframe><\/p>","protected":false},"excerpt":{"rendered":"<p>\ud83c\udf10 Notre vocation Transformer la formation en sant\u00e9 gr\u00e2ce \u00e0 des dispositifs p\u00e9dagogiques innovants, immersifs et ancr\u00e9s dans la r\u00e9alit\u00e9 du terrain. \ud83c\udfae Le serious game en sant\u00e9 Des modules interactifs permettant de d\u00e9velopper le raisonnement clinique, s\u00e9curiser les pratiques et apprendre par l\u2019exp\u00e9rimentation, sans risque pour le patient. \ud83e\udde0 Une p\u00e9dagogie efficace Une approche &hellip; <\/p>\n<p class=\"link-more\"><a href=\"https:\/\/agformation-guadeloupe.fr\/?page_id=627\" class=\"more-link\">Lire la suite de<span class=\"screen-reader-text\">\u00ab\u00a0Serious Game\u00a0\u00bb<\/span><\/a><\/p>\n","protected":false},"author":1,"featured_media":0,"parent":0,"menu_order":0,"comment_status":"closed","ping_status":"closed","template":"","meta":{"footnotes":""},"class_list":["post-627","page","type-page","status-publish","hentry"],"featured_media_urls":[],"_links":{"self":[{"href":"https:\/\/agformation-guadeloupe.fr\/index.php?rest_route=\/wp\/v2\/pages\/627","targetHints":{"allow":["GET"]}}],"collection":[{"href":"https:\/\/agformation-guadeloupe.fr\/index.php?rest_route=\/wp\/v2\/pages"}],"about":[{"href":"https:\/\/agformation-guadeloupe.fr\/index.php?rest_route=\/wp\/v2\/types\/page"}],"author":[{"embeddable":true,"href":"https:\/\/agformation-guadeloupe.fr\/index.php?rest_route=\/wp\/v2\/users\/1"}],"replies":[{"embeddable":true,"href":"https:\/\/agformation-guadeloupe.fr\/index.php?rest_route=%2Fwp%2Fv2%2Fcomments&post=627"}],"version-history":[{"count":9,"href":"https:\/\/agformation-guadeloupe.fr\/index.php?rest_route=\/wp\/v2\/pages\/627\/revisions"}],"predecessor-version":[{"id":648,"href":"https:\/\/agformation-guadeloupe.fr\/index.php?rest_route=\/wp\/v2\/pages\/627\/revisions\/648"}],"wp:attachment":[{"href":"https:\/\/agformation-guadeloupe.fr\/index.php?rest_route=%2Fwp%2Fv2%2Fmedia&parent=627"}],"curies":[{"name":"wp","href":"https:\/\/api.w.org\/{rel}","templated":true}]}}